{"id":21316,"date":"2024-11-28T20:34:37","date_gmt":"2024-11-28T17:34:37","guid":{"rendered":"https:\/\/www.makitamarket.com.tr\/site\/urun\/nikon-orta-sert-polisaj-sungeri-125x50-mm\/"},"modified":"2025-11-16T11:36:30","modified_gmt":"2025-11-16T08:36:30","slug":"nikon-orta-sert-polisaj-sungeri-125x50-mm","status":"publish","type":"product","link":"https:\/\/www.makitamarket.com.tr\/site\/urun\/nikon-orta-sert-polisaj-sungeri-125x50-mm\/","title":{"rendered":"Nikon NIK12550TM ORTA SERT POL\u0130SAJ S\u00dcNGER\u0130 125&#215;50 mm"},"content":{"rendered":"<table>\n<tr>\n<td>\u00c7ap (mm)<\/td>\n<td>125 x 50<\/td>\n<\/tr>\n<tr>\n<td>\u00d6zellikleri<\/td>\n<td>M14, Turuncu<\/td>\n<\/tr>\n<\/table>\n","protected":false},"excerpt":{"rendered":"<p>\u00c7ap (mm) 125 x 50 \u00d6zellikleri M14, Turuncu<\/p>\n","protected":false},"featured_media":0,"comment_status":"open","ping_status":"closed","template":"","meta":{"_acf_changed":false},"product_brand":[1518],"product_cat":[1319],"product_tag":[],"class_list":{"0":"post-21316","1":"product","2":"type-product","3":"status-publish","5":"product_brand-nikon","6":"product_cat-sungerler","8":"first","9":"outofstock","10":"taxable","11":"shipping-taxable","12":"purchasable","13":"product-type-simple","14":"add-to-wishlist-after_add_to_cart"},"acf":[],"_links":{"self":[{"href":"https:\/\/www.makitamarket.com.tr\/site\/wp-json\/wp\/v2\/product\/21316","targetHints":{"allow":["GET"]}}],"collection":[{"href":"https:\/\/www.makitamarket.com.tr\/site\/wp-json\/wp\/v2\/product"}],"about":[{"href":"https:\/\/www.makitamarket.com.tr\/site\/wp-json\/wp\/v2\/types\/product"}],"replies":[{"embeddable":true,"href":"https:\/\/www.makitamarket.com.tr\/site\/wp-json\/wp\/v2\/comments?post=21316"}],"wp:attachment":[{"href":"https:\/\/www.makitamarket.com.tr\/site\/wp-json\/wp\/v2\/media?parent=21316"}],"wp:term":[{"taxonomy":"product_brand","embeddable":true,"href":"https:\/\/www.makitamarket.com.tr\/site\/wp-json\/wp\/v2\/product_brand?post=21316"},{"taxonomy":"product_cat","embeddable":true,"href":"https:\/\/www.makitamarket.com.tr\/site\/wp-json\/wp\/v2\/product_cat?post=21316"},{"taxonomy":"product_tag","embeddable":true,"href":"https:\/\/www.makitamarket.com.tr\/site\/wp-json\/wp\/v2\/product_tag?post=21316"}],"curies":[{"name":"wp","href":"https:\/\/api.w.org\/{rel}","templated":true}]}}