{"id":21318,"date":"2024-11-28T20:34:38","date_gmt":"2024-11-28T17:34:38","guid":{"rendered":"https:\/\/www.makitamarket.com.tr\/site\/urun\/proxxon-tungsten-karburlu-matkap-ve-freze-ucu-2-li-1-8-mm\/"},"modified":"2025-07-11T00:19:36","modified_gmt":"2025-07-10T21:19:36","slug":"proxxon-tungsten-karburlu-matkap-ve-freze-ucu-2-li-1-8-mm","status":"publish","type":"product","link":"https:\/\/www.makitamarket.com.tr\/site\/urun\/proxxon-tungsten-karburlu-matkap-ve-freze-ucu-2-li-1-8-mm\/","title":{"rendered":"Proxxon 28222 TUNGSTEN KARB\u00dcRL\u00dc MATKAP VE FREZE UCU 2 L\u0130 1.8 mm"},"content":{"rendered":"<table>\n<tr>\n<td>Mil \u00c7ap\u0131<\/td>\n<td>2,35 mm<\/td>\n<\/tr>\n<\/table>\n","protected":false},"excerpt":{"rendered":"<p>Mil \u00c7ap\u0131 2,35 mm<\/p>\n","protected":false},"featured_media":21317,"comment_status":"open","ping_status":"closed","template":"","meta":{"_acf_changed":false},"product_brand":[],"product_cat":[926],"product_tag":[],"class_list":{"0":"post-21318","1":"product","2":"type-product","3":"status-publish","4":"has-post-thumbnail","6":"product_cat-aksesuarlar-mikro-aletleri","8":"first","9":"outofstock","10":"taxable","11":"shipping-taxable","12":"purchasable","13":"product-type-simple","14":"add-to-wishlist-after_add_to_cart"},"acf":[],"_links":{"self":[{"href":"https:\/\/www.makitamarket.com.tr\/site\/wp-json\/wp\/v2\/product\/21318","targetHints":{"allow":["GET"]}}],"collection":[{"href":"https:\/\/www.makitamarket.com.tr\/site\/wp-json\/wp\/v2\/product"}],"about":[{"href":"https:\/\/www.makitamarket.com.tr\/site\/wp-json\/wp\/v2\/types\/product"}],"replies":[{"embeddable":true,"href":"https:\/\/www.makitamarket.com.tr\/site\/wp-json\/wp\/v2\/comments?post=21318"}],"wp:featuredmedia":[{"embeddable":true,"href":"https:\/\/www.makitamarket.com.tr\/site\/wp-json\/wp\/v2\/media\/21317"}],"wp:attachment":[{"href":"https:\/\/www.makitamarket.com.tr\/site\/wp-json\/wp\/v2\/media?parent=21318"}],"wp:term":[{"taxonomy":"product_brand","embeddable":true,"href":"https:\/\/www.makitamarket.com.tr\/site\/wp-json\/wp\/v2\/product_brand?post=21318"},{"taxonomy":"product_cat","embeddable":true,"href":"https:\/\/www.makitamarket.com.tr\/site\/wp-json\/wp\/v2\/product_cat?post=21318"},{"taxonomy":"product_tag","embeddable":true,"href":"https:\/\/www.makitamarket.com.tr\/site\/wp-json\/wp\/v2\/product_tag?post=21318"}],"curies":[{"name":"wp","href":"https:\/\/api.w.org\/{rel}","templated":true}]}}