{"id":21357,"date":"2024-11-28T20:34:51","date_gmt":"2024-11-28T17:34:51","guid":{"rendered":"https:\/\/www.makitamarket.com.tr\/site\/urun\/lightorch-lightorch-lt03080-3-ledli-el-feneri\/"},"modified":"2026-04-06T17:38:48","modified_gmt":"2026-04-06T14:38:48","slug":"lightorch-lightorch-lt03080-3-ledli-el-feneri","status":"publish","type":"product","link":"https:\/\/www.makitamarket.com.tr\/site\/urun\/lightorch-lightorch-lt03080-3-ledli-el-feneri\/","title":{"rendered":"Lightorch LT03080 LIGHTORCH LT03080 3 LED&#8217;L\u0130 EL FENER\u0130"},"content":{"rendered":"<table>\n<tr>\n<td>Ayd\u0131nlatma \u015eiddeti<\/td>\n<td>15 L\u00fcmen<\/td>\n<\/tr>\n<tr>\n<td>Ayd\u0131nlatma Mesafesi<\/td>\n<td>15 Metre<\/td>\n<\/tr>\n<tr>\n<td>LED<\/td>\n<td>3<\/td>\n<\/tr>\n<tr>\n<td>Tam Dolu Pille Kullan\u0131m<\/td>\n<td>3 Saat<\/td>\n<\/tr>\n<tr>\n<td>Batarya<\/td>\n<td>2 AA Pil<\/td>\n<\/tr>\n<tr>\n<td>G\u00f6vde Uzunlu\u011fu<\/td>\n<td>15 cm<\/td>\n<\/tr>\n<tr>\n<td>Paket \u0130\u00e7i Adedi<\/td>\n<td>6<\/td>\n<\/tr>\n<tr>\n<td>Koli \u0130\u00e7i Adedi<\/td>\n<td>12<\/td>\n<\/tr>\n<\/table>\n","protected":false},"excerpt":{"rendered":"<p>Ayd\u0131nlatma \u015eiddeti 15 L\u00fcmen Ayd\u0131nlatma Mesafesi 15 Metre LED 3 Tam Dolu Pille Kullan\u0131m 3 Saat Batarya 2 AA Pil G\u00f6vde Uzunlu\u011fu 15 cm Paket \u0130\u00e7i Adedi 6 Koli \u0130\u00e7i<\/p>\n","protected":false},"featured_media":21356,"comment_status":"open","ping_status":"closed","template":"","meta":{"_acf_changed":false},"product_brand":[1556],"product_cat":[1348],"product_tag":[],"class_list":{"0":"post-21357","1":"product","2":"type-product","3":"status-publish","4":"has-post-thumbnail","6":"product_brand-lightorch","7":"product_cat-pilli-el-fenerleri","9":"first","10":"instock","11":"taxable","12":"shipping-taxable","13":"purchasable","14":"product-type-simple","15":"add-to-wishlist-after_add_to_cart"},"acf":[],"_links":{"self":[{"href":"https:\/\/www.makitamarket.com.tr\/site\/wp-json\/wp\/v2\/product\/21357","targetHints":{"allow":["GET"]}}],"collection":[{"href":"https:\/\/www.makitamarket.com.tr\/site\/wp-json\/wp\/v2\/product"}],"about":[{"href":"https:\/\/www.makitamarket.com.tr\/site\/wp-json\/wp\/v2\/types\/product"}],"replies":[{"embeddable":true,"href":"https:\/\/www.makitamarket.com.tr\/site\/wp-json\/wp\/v2\/comments?post=21357"}],"wp:featuredmedia":[{"embeddable":true,"href":"https:\/\/www.makitamarket.com.tr\/site\/wp-json\/wp\/v2\/media\/21356"}],"wp:attachment":[{"href":"https:\/\/www.makitamarket.com.tr\/site\/wp-json\/wp\/v2\/media?parent=21357"}],"wp:term":[{"taxonomy":"product_brand","embeddable":true,"href":"https:\/\/www.makitamarket.com.tr\/site\/wp-json\/wp\/v2\/product_brand?post=21357"},{"taxonomy":"product_cat","embeddable":true,"href":"https:\/\/www.makitamarket.com.tr\/site\/wp-json\/wp\/v2\/product_cat?post=21357"},{"taxonomy":"product_tag","embeddable":true,"href":"https:\/\/www.makitamarket.com.tr\/site\/wp-json\/wp\/v2\/product_tag?post=21357"}],"curies":[{"name":"wp","href":"https:\/\/api.w.org\/{rel}","templated":true}]}}