{"id":21360,"date":"2024-11-28T20:34:52","date_gmt":"2024-11-28T17:34:52","guid":{"rendered":"https:\/\/www.makitamarket.com.tr\/site\/urun\/weller-lehim-cozucu-ve-lehim-ucu-temizleme-tasi\/"},"modified":"2026-04-06T17:42:38","modified_gmt":"2026-04-06T14:42:38","slug":"weller-lehim-cozucu-ve-lehim-ucu-temizleme-tasi","status":"publish","type":"product","link":"https:\/\/www.makitamarket.com.tr\/site\/urun\/weller-lehim-cozucu-ve-lehim-ucu-temizleme-tasi\/","title":{"rendered":"Weller LS25 LEH\u0130M \u00c7\u00d6Z\u00dcC\u00dc VE LEH\u0130M UCU TEM\u0130ZLEME TA\u015eI"},"content":{"rendered":"<p>\n\tSalmiak ta\u015f\u0131, 65x45x20 mm amonyumklorit<\/p>\n<table><\/table>\n","protected":false},"excerpt":{"rendered":"<p>\n\tSalmiak ta\u015f\u0131, 65x45x20 mm amonyumklorit<\/p>\n","protected":false},"featured_media":21486,"comment_status":"open","ping_status":"closed","template":"","meta":{"_acf_changed":false},"product_brand":[1530],"product_cat":[1428],"product_tag":[],"class_list":{"0":"post-21360","1":"product","2":"type-product","3":"status-publish","4":"has-post-thumbnail","6":"product_brand-weller","7":"product_cat-lehim-setleri-ve-yaglari","9":"first","10":"instock","11":"taxable","12":"shipping-taxable","13":"purchasable","14":"product-type-simple","15":"add-to-wishlist-after_add_to_cart"},"acf":[],"_links":{"self":[{"href":"https:\/\/www.makitamarket.com.tr\/site\/wp-json\/wp\/v2\/product\/21360","targetHints":{"allow":["GET"]}}],"collection":[{"href":"https:\/\/www.makitamarket.com.tr\/site\/wp-json\/wp\/v2\/product"}],"about":[{"href":"https:\/\/www.makitamarket.com.tr\/site\/wp-json\/wp\/v2\/types\/product"}],"replies":[{"embeddable":true,"href":"https:\/\/www.makitamarket.com.tr\/site\/wp-json\/wp\/v2\/comments?post=21360"}],"wp:featuredmedia":[{"embeddable":true,"href":"https:\/\/www.makitamarket.com.tr\/site\/wp-json\/wp\/v2\/media\/21486"}],"wp:attachment":[{"href":"https:\/\/www.makitamarket.com.tr\/site\/wp-json\/wp\/v2\/media?parent=21360"}],"wp:term":[{"taxonomy":"product_brand","embeddable":true,"href":"https:\/\/www.makitamarket.com.tr\/site\/wp-json\/wp\/v2\/product_brand?post=21360"},{"taxonomy":"product_cat","embeddable":true,"href":"https:\/\/www.makitamarket.com.tr\/site\/wp-json\/wp\/v2\/product_cat?post=21360"},{"taxonomy":"product_tag","embeddable":true,"href":"https:\/\/www.makitamarket.com.tr\/site\/wp-json\/wp\/v2\/product_tag?post=21360"}],"curies":[{"name":"wp","href":"https:\/\/api.w.org\/{rel}","templated":true}]}}