{"id":21382,"date":"2024-11-28T20:34:59","date_gmt":"2024-11-28T17:34:59","guid":{"rendered":"https:\/\/www.makitamarket.com.tr\/site\/urun\/topshop-tas-mentese-bicagi-35-mm\/"},"modified":"2025-11-16T11:37:38","modified_gmt":"2025-11-16T08:37:38","slug":"topshop-tas-mentese-bicagi-35-mm","status":"publish","type":"product","link":"https:\/\/www.makitamarket.com.tr\/site\/urun\/topshop-tas-mentese-bicagi-35-mm\/","title":{"rendered":"Topshop TH14427 TAS MENTE\u015eE BI\u00c7A\u011eI 35 mm"},"content":{"rendered":"<p>Tas Mente\u015fe B\u0131\u00e7a\u011f\u0131 22 mm.<\/p>\n<table>\n<tr>\n<td>Delme \u00c7ap\u0131<\/td>\n<td>35<\/td>\n<\/tr>\n<tr>\n<td>Uzunluk<\/td>\n<td>83 mm<\/td>\n<\/tr>\n<tr>\n<td>\u015eaft \u00c7ap\u0131<\/td>\n<td>9,5<\/td>\n<\/tr>\n<\/table>\n","protected":false},"excerpt":{"rendered":"<p>Tas Mente\u015fe B\u0131\u00e7a\u011f\u0131 22 mm.<\/p>\n","protected":false},"featured_media":21381,"comment_status":"open","ping_status":"closed","template":"","meta":{"_acf_changed":false},"product_brand":[1496],"product_cat":[1037],"product_tag":[],"class_list":{"0":"post-21382","1":"product","2":"type-product","3":"status-publish","4":"has-post-thumbnail","6":"product_brand-topshop","7":"product_cat-aksesuarlar-freze-bicaklari-ve-tas-menteseler","9":"first","10":"outofstock","11":"taxable","12":"shipping-taxable","13":"purchasable","14":"product-type-simple","15":"add-to-wishlist-after_add_to_cart"},"acf":[],"_links":{"self":[{"href":"https:\/\/www.makitamarket.com.tr\/site\/wp-json\/wp\/v2\/product\/21382","targetHints":{"allow":["GET"]}}],"collection":[{"href":"https:\/\/www.makitamarket.com.tr\/site\/wp-json\/wp\/v2\/product"}],"about":[{"href":"https:\/\/www.makitamarket.com.tr\/site\/wp-json\/wp\/v2\/types\/product"}],"replies":[{"embeddable":true,"href":"https:\/\/www.makitamarket.com.tr\/site\/wp-json\/wp\/v2\/comments?post=21382"}],"wp:featuredmedia":[{"embeddable":true,"href":"https:\/\/www.makitamarket.com.tr\/site\/wp-json\/wp\/v2\/media\/21381"}],"wp:attachment":[{"href":"https:\/\/www.makitamarket.com.tr\/site\/wp-json\/wp\/v2\/media?parent=21382"}],"wp:term":[{"taxonomy":"product_brand","embeddable":true,"href":"https:\/\/www.makitamarket.com.tr\/site\/wp-json\/wp\/v2\/product_brand?post=21382"},{"taxonomy":"product_cat","embeddable":true,"href":"https:\/\/www.makitamarket.com.tr\/site\/wp-json\/wp\/v2\/product_cat?post=21382"},{"taxonomy":"product_tag","embeddable":true,"href":"https:\/\/www.makitamarket.com.tr\/site\/wp-json\/wp\/v2\/product_tag?post=21382"}],"curies":[{"name":"wp","href":"https:\/\/api.w.org\/{rel}","templated":true}]}}