{"id":21384,"date":"2024-11-28T20:35:00","date_gmt":"2024-11-28T17:35:00","guid":{"rendered":"https:\/\/www.makitamarket.com.tr\/site\/urun\/topshop-tas-mentese-bicagi-38-mm\/"},"modified":"2026-04-06T17:39:40","modified_gmt":"2026-04-06T14:39:40","slug":"topshop-tas-mentese-bicagi-38-mm","status":"publish","type":"product","link":"https:\/\/www.makitamarket.com.tr\/site\/urun\/topshop-tas-mentese-bicagi-38-mm\/","title":{"rendered":"Topshop TH14428 TAS MENTE\u015eE BI\u00c7A\u011eI 38 mm"},"content":{"rendered":"<table>\n<tr>\n<td>Delme \u00c7ap\u0131<\/td>\n<td>38<\/td>\n<\/tr>\n<tr>\n<td>Uzunluk<\/td>\n<td>83 mm<\/td>\n<\/tr>\n<tr>\n<td>\u015eaft \u00c7ap\u0131<\/td>\n<td>9,5<\/td>\n<\/tr>\n<\/table>\n","protected":false},"excerpt":{"rendered":"<p>Delme \u00c7ap\u0131 38 Uzunluk 83 mm \u015eaft \u00c7ap\u0131 9,5<\/p>\n","protected":false},"featured_media":21383,"comment_status":"open","ping_status":"closed","template":"","meta":{"_acf_changed":false},"product_brand":[1496],"product_cat":[1037],"product_tag":[],"class_list":{"0":"post-21384","1":"product","2":"type-product","3":"status-publish","4":"has-post-thumbnail","6":"product_brand-topshop","7":"product_cat-aksesuarlar-freze-bicaklari-ve-tas-menteseler","9":"first","10":"instock","11":"taxable","12":"shipping-taxable","13":"purchasable","14":"product-type-simple","15":"add-to-wishlist-after_add_to_cart"},"acf":[],"_links":{"self":[{"href":"https:\/\/www.makitamarket.com.tr\/site\/wp-json\/wp\/v2\/product\/21384","targetHints":{"allow":["GET"]}}],"collection":[{"href":"https:\/\/www.makitamarket.com.tr\/site\/wp-json\/wp\/v2\/product"}],"about":[{"href":"https:\/\/www.makitamarket.com.tr\/site\/wp-json\/wp\/v2\/types\/product"}],"replies":[{"embeddable":true,"href":"https:\/\/www.makitamarket.com.tr\/site\/wp-json\/wp\/v2\/comments?post=21384"}],"wp:featuredmedia":[{"embeddable":true,"href":"https:\/\/www.makitamarket.com.tr\/site\/wp-json\/wp\/v2\/media\/21383"}],"wp:attachment":[{"href":"https:\/\/www.makitamarket.com.tr\/site\/wp-json\/wp\/v2\/media?parent=21384"}],"wp:term":[{"taxonomy":"product_brand","embeddable":true,"href":"https:\/\/www.makitamarket.com.tr\/site\/wp-json\/wp\/v2\/product_brand?post=21384"},{"taxonomy":"product_cat","embeddable":true,"href":"https:\/\/www.makitamarket.com.tr\/site\/wp-json\/wp\/v2\/product_cat?post=21384"},{"taxonomy":"product_tag","embeddable":true,"href":"https:\/\/www.makitamarket.com.tr\/site\/wp-json\/wp\/v2\/product_tag?post=21384"}],"curies":[{"name":"wp","href":"https:\/\/api.w.org\/{rel}","templated":true}]}}