{"id":21387,"date":"2024-11-28T20:35:01","date_gmt":"2024-11-28T17:35:01","guid":{"rendered":"https:\/\/www.makitamarket.com.tr\/site\/urun\/makita-vidalama-ucu-ph2-25-mm\/"},"modified":"2026-04-06T17:39:44","modified_gmt":"2026-04-06T14:39:44","slug":"makita-vidalama-ucu-ph2-25-mm","status":"publish","type":"product","link":"https:\/\/www.makitamarket.com.tr\/site\/urun\/makita-vidalama-ucu-ph2-25-mm\/","title":{"rendered":"Makita 798398-4 V\u0130DALAMA UCU PH2 25 mm"},"content":{"rendered":"<table>\n<tr>\n<td>A\u00e7\u0131klama<\/td>\n<td>25mm Ph2 (\u00dc\u00e7l\u00fc)<\/td>\n<\/tr>\n<\/table>\n","protected":false},"excerpt":{"rendered":"<p>A\u00e7\u0131klama 25mm Ph2 (\u00dc\u00e7l\u00fc)<\/p>\n","protected":false},"featured_media":21386,"comment_status":"open","ping_status":"closed","template":"","meta":{"_acf_changed":false},"product_brand":[1485],"product_cat":[1386],"product_tag":[],"class_list":{"0":"post-21387","1":"product","2":"type-product","3":"status-publish","4":"has-post-thumbnail","6":"product_brand-makita","7":"product_cat-standart-vidalama-uclari","9":"first","10":"outofstock","11":"taxable","12":"shipping-taxable","13":"purchasable","14":"product-type-simple","15":"add-to-wishlist-after_add_to_cart"},"acf":[],"_links":{"self":[{"href":"https:\/\/www.makitamarket.com.tr\/site\/wp-json\/wp\/v2\/product\/21387","targetHints":{"allow":["GET"]}}],"collection":[{"href":"https:\/\/www.makitamarket.com.tr\/site\/wp-json\/wp\/v2\/product"}],"about":[{"href":"https:\/\/www.makitamarket.com.tr\/site\/wp-json\/wp\/v2\/types\/product"}],"replies":[{"embeddable":true,"href":"https:\/\/www.makitamarket.com.tr\/site\/wp-json\/wp\/v2\/comments?post=21387"}],"wp:featuredmedia":[{"embeddable":true,"href":"https:\/\/www.makitamarket.com.tr\/site\/wp-json\/wp\/v2\/media\/21386"}],"wp:attachment":[{"href":"https:\/\/www.makitamarket.com.tr\/site\/wp-json\/wp\/v2\/media?parent=21387"}],"wp:term":[{"taxonomy":"product_brand","embeddable":true,"href":"https:\/\/www.makitamarket.com.tr\/site\/wp-json\/wp\/v2\/product_brand?post=21387"},{"taxonomy":"product_cat","embeddable":true,"href":"https:\/\/www.makitamarket.com.tr\/site\/wp-json\/wp\/v2\/product_cat?post=21387"},{"taxonomy":"product_tag","embeddable":true,"href":"https:\/\/www.makitamarket.com.tr\/site\/wp-json\/wp\/v2\/product_tag?post=21387"}],"curies":[{"name":"wp","href":"https:\/\/api.w.org\/{rel}","templated":true}]}}