{"id":21388,"date":"2024-11-28T20:35:01","date_gmt":"2024-11-28T17:35:01","guid":{"rendered":"https:\/\/www.makitamarket.com.tr\/site\/urun\/proxxon-delta-zimpara-makinasi-icin-polisaj-seti\/"},"modified":"2026-04-06T17:39:47","modified_gmt":"2026-04-06T14:39:47","slug":"proxxon-delta-zimpara-makinasi-icin-polisaj-seti","status":"publish","type":"product","link":"https:\/\/www.makitamarket.com.tr\/site\/urun\/proxxon-delta-zimpara-makinasi-icin-polisaj-seti\/","title":{"rendered":"Proxxon 28888 DELTA ZIMPARA MAK\u0130NASI \u0130\u00c7\u0130N POL\u0130SAJ SET\u0130"},"content":{"rendered":"<table>\n<tr>\n<td>Uygunluk<\/td>\n<td>28520 OZI 220\/E Delta z\u0131mpara makinas\u0131<\/td>\n<\/tr>\n<\/table>\n","protected":false},"excerpt":{"rendered":"<p>Uygunluk 28520 OZI 220\/E Delta z\u0131mpara makinas\u0131<\/p>\n","protected":false},"featured_media":0,"comment_status":"open","ping_status":"closed","template":"","meta":{"_acf_changed":false},"product_brand":[1501],"product_cat":[926],"product_tag":[],"class_list":{"0":"post-21388","1":"product","2":"type-product","3":"status-publish","5":"product_brand-proxxon","6":"product_cat-aksesuarlar-mikro-aletleri","8":"first","9":"instock","10":"taxable","11":"shipping-taxable","12":"purchasable","13":"product-type-simple","14":"add-to-wishlist-after_add_to_cart"},"acf":[],"_links":{"self":[{"href":"https:\/\/www.makitamarket.com.tr\/site\/wp-json\/wp\/v2\/product\/21388","targetHints":{"allow":["GET"]}}],"collection":[{"href":"https:\/\/www.makitamarket.com.tr\/site\/wp-json\/wp\/v2\/product"}],"about":[{"href":"https:\/\/www.makitamarket.com.tr\/site\/wp-json\/wp\/v2\/types\/product"}],"replies":[{"embeddable":true,"href":"https:\/\/www.makitamarket.com.tr\/site\/wp-json\/wp\/v2\/comments?post=21388"}],"wp:attachment":[{"href":"https:\/\/www.makitamarket.com.tr\/site\/wp-json\/wp\/v2\/media?parent=21388"}],"wp:term":[{"taxonomy":"product_brand","embeddable":true,"href":"https:\/\/www.makitamarket.com.tr\/site\/wp-json\/wp\/v2\/product_brand?post=21388"},{"taxonomy":"product_cat","embeddable":true,"href":"https:\/\/www.makitamarket.com.tr\/site\/wp-json\/wp\/v2\/product_cat?post=21388"},{"taxonomy":"product_tag","embeddable":true,"href":"https:\/\/www.makitamarket.com.tr\/site\/wp-json\/wp\/v2\/product_tag?post=21388"}],"curies":[{"name":"wp","href":"https:\/\/api.w.org\/{rel}","templated":true}]}}