{"id":21429,"date":"2024-11-28T20:35:13","date_gmt":"2024-11-28T17:35:13","guid":{"rendered":"https:\/\/www.makitamarket.com.tr\/site\/urun\/makita-1-4-altigen-baglantili-elmas-matkap-ucu-6x100-mm\/"},"modified":"2026-03-30T11:03:12","modified_gmt":"2026-03-30T08:03:12","slug":"makita-1-4-altigen-baglantili-elmas-matkap-ucu-6x100-mm","status":"publish","type":"product","link":"https:\/\/www.makitamarket.com.tr\/site\/urun\/makita-1-4-altigen-baglantili-elmas-matkap-ucu-6x100-mm\/","title":{"rendered":"Makita D-23802 1\/4&#8243; ALTIGEN BA\u011eLANTILI ELMAS MATKAP UCU 6&#215;100 mm"},"content":{"rendered":"<table>\n<tr>\n<td>\u00c7ap<\/td>\n<td>6 mm<\/td>\n<\/tr>\n<tr>\n<td>Uzunluk<\/td>\n<td>100 mm<\/td>\n<\/tr>\n<tr>\n<td>\u00c7al\u0131\u015fma Uzunlu\u011fu<\/td>\n<td>55 mm<\/td>\n<\/tr>\n<\/table>\n","protected":false},"excerpt":{"rendered":"<p>\u00c7ap 6 mm Uzunluk 100 mm \u00c7al\u0131\u015fma Uzunlu\u011fu 55 mm<\/p>\n","protected":false},"featured_media":0,"comment_status":"open","ping_status":"closed","template":"","meta":{"_acf_changed":false},"product_brand":[1485],"product_cat":[1455],"product_tag":[],"class_list":{"0":"post-21429","1":"product","2":"type-product","3":"status-publish","5":"product_brand-makita","6":"product_cat-beton-delme-uclari","8":"first","9":"instock","10":"taxable","11":"shipping-taxable","12":"purchasable","13":"product-type-simple","14":"add-to-wishlist-after_add_to_cart"},"acf":[],"_links":{"self":[{"href":"https:\/\/www.makitamarket.com.tr\/site\/wp-json\/wp\/v2\/product\/21429","targetHints":{"allow":["GET"]}}],"collection":[{"href":"https:\/\/www.makitamarket.com.tr\/site\/wp-json\/wp\/v2\/product"}],"about":[{"href":"https:\/\/www.makitamarket.com.tr\/site\/wp-json\/wp\/v2\/types\/product"}],"replies":[{"embeddable":true,"href":"https:\/\/www.makitamarket.com.tr\/site\/wp-json\/wp\/v2\/comments?post=21429"}],"wp:attachment":[{"href":"https:\/\/www.makitamarket.com.tr\/site\/wp-json\/wp\/v2\/media?parent=21429"}],"wp:term":[{"taxonomy":"product_brand","embeddable":true,"href":"https:\/\/www.makitamarket.com.tr\/site\/wp-json\/wp\/v2\/product_brand?post=21429"},{"taxonomy":"product_cat","embeddable":true,"href":"https:\/\/www.makitamarket.com.tr\/site\/wp-json\/wp\/v2\/product_cat?post=21429"},{"taxonomy":"product_tag","embeddable":true,"href":"https:\/\/www.makitamarket.com.tr\/site\/wp-json\/wp\/v2\/product_tag?post=21429"}],"curies":[{"name":"wp","href":"https:\/\/api.w.org\/{rel}","templated":true}]}}