{"id":21438,"date":"2024-11-28T20:35:16","date_gmt":"2024-11-28T17:35:16","guid":{"rendered":"https:\/\/www.makitamarket.com.tr\/site\/urun\/knisaw-5-li-dekupaj-testere-bicagi-18-dis\/"},"modified":"2026-04-06T17:50:48","modified_gmt":"2026-04-06T14:50:48","slug":"knisaw-5-li-dekupaj-testere-bicagi-18-dis","status":"publish","type":"product","link":"https:\/\/www.makitamarket.com.tr\/site\/urun\/knisaw-5-li-dekupaj-testere-bicagi-18-dis\/","title":{"rendered":"Knisaw KS51746 5 L\u0130 DEKUPAJ TESTERE BI\u00c7A\u011eI 18 D\u0130\u015e"},"content":{"rendered":"<table>\n<tr>\n<td>Kullan\u0131m Alan\u0131<\/td>\n<td>Ah\u015fap<\/td>\n<\/tr>\n<tr>\n<td>Uzunluk (mm)<\/td>\n<td>100\/75 mm.<\/td>\n<\/tr>\n<tr>\n<td>Di\u015f<\/td>\n<td>18<\/td>\n<\/tr>\n<tr>\n<td>Uyum<\/td>\n<td>HCS T244D muadili<\/td>\n<\/tr>\n<\/table>\n","protected":false},"excerpt":{"rendered":"<p>Kullan\u0131m Alan\u0131 Ah\u015fap Uzunluk (mm) 100\/75 mm. Di\u015f 18 Uyum HCS T244D muadili<\/p>\n","protected":false},"featured_media":21863,"comment_status":"open","ping_status":"closed","template":"","meta":{"_acf_changed":false},"product_brand":[1550],"product_cat":[1204],"product_tag":[],"class_list":{"0":"post-21438","1":"product","2":"type-product","3":"status-publish","4":"has-post-thumbnail","6":"product_brand-knisaw","7":"product_cat-b-tipi-kama-tipi-bicaklar","9":"first","10":"instock","11":"taxable","12":"shipping-taxable","13":"purchasable","14":"product-type-simple","15":"add-to-wishlist-after_add_to_cart"},"acf":[],"_links":{"self":[{"href":"https:\/\/www.makitamarket.com.tr\/site\/wp-json\/wp\/v2\/product\/21438","targetHints":{"allow":["GET"]}}],"collection":[{"href":"https:\/\/www.makitamarket.com.tr\/site\/wp-json\/wp\/v2\/product"}],"about":[{"href":"https:\/\/www.makitamarket.com.tr\/site\/wp-json\/wp\/v2\/types\/product"}],"replies":[{"embeddable":true,"href":"https:\/\/www.makitamarket.com.tr\/site\/wp-json\/wp\/v2\/comments?post=21438"}],"wp:featuredmedia":[{"embeddable":true,"href":"https:\/\/www.makitamarket.com.tr\/site\/wp-json\/wp\/v2\/media\/21863"}],"wp:attachment":[{"href":"https:\/\/www.makitamarket.com.tr\/site\/wp-json\/wp\/v2\/media?parent=21438"}],"wp:term":[{"taxonomy":"product_brand","embeddable":true,"href":"https:\/\/www.makitamarket.com.tr\/site\/wp-json\/wp\/v2\/product_brand?post=21438"},{"taxonomy":"product_cat","embeddable":true,"href":"https:\/\/www.makitamarket.com.tr\/site\/wp-json\/wp\/v2\/product_cat?post=21438"},{"taxonomy":"product_tag","embeddable":true,"href":"https:\/\/www.makitamarket.com.tr\/site\/wp-json\/wp\/v2\/product_tag?post=21438"}],"curies":[{"name":"wp","href":"https:\/\/api.w.org\/{rel}","templated":true}]}}