{"id":21476,"date":"2024-11-28T20:35:27","date_gmt":"2024-11-28T17:35:27","guid":{"rendered":"https:\/\/www.makitamarket.com.tr\/site\/urun\/topart-cirtli-kelepce-3-6x250-mm\/"},"modified":"2025-11-16T11:40:25","modified_gmt":"2025-11-16T08:40:25","slug":"topart-cirtli-kelepce-3-6x250-mm","status":"publish","type":"product","link":"https:\/\/www.makitamarket.com.tr\/site\/urun\/topart-cirtli-kelepce-3-6x250-mm\/","title":{"rendered":"Topart TA01611 CIRTLI KELEP\u00c7E 3.6&#215;250 mm"},"content":{"rendered":"<div>\n\t\u2022 Kendili\u011finden Kilitlemeli<\/div>\n<div>\n\t\u2022 Kolay ve H\u0131zl\u0131 Montaj<\/div>\n<table>\n<tr>\n<td>\u00d6l\u00e7\u00fcs\u00fc<\/td>\n<td>3,6\u00a0x 250 mm.<\/td>\n<\/tr>\n<tr>\n<td>Koli \u0130\u00e7i Adedi<\/td>\n<td>150<\/td>\n<\/tr>\n<tr>\n<td>Paket \u0130\u00e7i Adedi<\/td>\n<td>100<\/td>\n<\/tr>\n<\/table>\n","protected":false},"excerpt":{"rendered":"<div>\n\t\u2022 Kendili\u011finden Kilitlemeli<\/div>\n<div>\n\t\u2022 Kolay ve H\u0131zl\u0131 Montaj<\/div>\n","protected":false},"featured_media":21475,"comment_status":"open","ping_status":"closed","template":"","meta":{"_acf_changed":false},"product_brand":[1527],"product_cat":[1246],"product_tag":[],"class_list":{"0":"post-21476","1":"product","2":"type-product","3":"status-publish","4":"has-post-thumbnail","6":"product_brand-topart","7":"product_cat-plastik-cirt-kelepceler","9":"first","10":"outofstock","11":"taxable","12":"shipping-taxable","13":"purchasable","14":"product-type-simple","15":"add-to-wishlist-after_add_to_cart"},"acf":[],"_links":{"self":[{"href":"https:\/\/www.makitamarket.com.tr\/site\/wp-json\/wp\/v2\/product\/21476","targetHints":{"allow":["GET"]}}],"collection":[{"href":"https:\/\/www.makitamarket.com.tr\/site\/wp-json\/wp\/v2\/product"}],"about":[{"href":"https:\/\/www.makitamarket.com.tr\/site\/wp-json\/wp\/v2\/types\/product"}],"replies":[{"embeddable":true,"href":"https:\/\/www.makitamarket.com.tr\/site\/wp-json\/wp\/v2\/comments?post=21476"}],"wp:featuredmedia":[{"embeddable":true,"href":"https:\/\/www.makitamarket.com.tr\/site\/wp-json\/wp\/v2\/media\/21475"}],"wp:attachment":[{"href":"https:\/\/www.makitamarket.com.tr\/site\/wp-json\/wp\/v2\/media?parent=21476"}],"wp:term":[{"taxonomy":"product_brand","embeddable":true,"href":"https:\/\/www.makitamarket.com.tr\/site\/wp-json\/wp\/v2\/product_brand?post=21476"},{"taxonomy":"product_cat","embeddable":true,"href":"https:\/\/www.makitamarket.com.tr\/site\/wp-json\/wp\/v2\/product_cat?post=21476"},{"taxonomy":"product_tag","embeddable":true,"href":"https:\/\/www.makitamarket.com.tr\/site\/wp-json\/wp\/v2\/product_tag?post=21476"}],"curies":[{"name":"wp","href":"https:\/\/api.w.org\/{rel}","templated":true}]}}