{"id":21531,"date":"2024-11-28T20:35:42","date_gmt":"2024-11-28T17:35:42","guid":{"rendered":"https:\/\/www.makitamarket.com.tr\/site\/urun\/makita-v-plus-serisi-sds-plus-2-elmasli-uc-10x110-mm\/"},"modified":"2026-03-30T11:04:49","modified_gmt":"2026-03-30T08:04:49","slug":"makita-v-plus-serisi-sds-plus-2-elmasli-uc-10x110-mm","status":"publish","type":"product","link":"https:\/\/www.makitamarket.com.tr\/site\/urun\/makita-v-plus-serisi-sds-plus-2-elmasli-uc-10x110-mm\/","title":{"rendered":"Makita B-46551 V PLUS SER\u0130S\u0130 SDS PLUS 2 ELMASLI U\u00c7 10&#215;110 mm"},"content":{"rendered":"<table>\n<tr>\n<td>Matkap \u00c7ap\u0131<\/td>\n<td>10<\/td>\n<\/tr>\n<tr>\n<td>Matkap Boyu<\/td>\n<td>110<\/td>\n<\/tr>\n<tr>\n<td>\u00c7al\u0131\u015fma Uzunlu\u011fu<\/td>\n<td>50<\/td>\n<\/tr>\n<\/table>\n","protected":false},"excerpt":{"rendered":"<p>Matkap \u00c7ap\u0131 10 Matkap Boyu 110 \u00c7al\u0131\u015fma Uzunlu\u011fu 50<\/p>\n","protected":false},"featured_media":0,"comment_status":"open","ping_status":"closed","template":"","meta":{"_acf_changed":false},"product_brand":[1485],"product_cat":[1149],"product_tag":[],"class_list":{"0":"post-21531","1":"product","2":"type-product","3":"status-publish","5":"product_brand-makita","6":"product_cat-sds-plus-uclar","8":"first","9":"instock","10":"taxable","11":"shipping-taxable","12":"purchasable","13":"product-type-simple","14":"add-to-wishlist-after_add_to_cart"},"acf":[],"_links":{"self":[{"href":"https:\/\/www.makitamarket.com.tr\/site\/wp-json\/wp\/v2\/product\/21531","targetHints":{"allow":["GET"]}}],"collection":[{"href":"https:\/\/www.makitamarket.com.tr\/site\/wp-json\/wp\/v2\/product"}],"about":[{"href":"https:\/\/www.makitamarket.com.tr\/site\/wp-json\/wp\/v2\/types\/product"}],"replies":[{"embeddable":true,"href":"https:\/\/www.makitamarket.com.tr\/site\/wp-json\/wp\/v2\/comments?post=21531"}],"wp:attachment":[{"href":"https:\/\/www.makitamarket.com.tr\/site\/wp-json\/wp\/v2\/media?parent=21531"}],"wp:term":[{"taxonomy":"product_brand","embeddable":true,"href":"https:\/\/www.makitamarket.com.tr\/site\/wp-json\/wp\/v2\/product_brand?post=21531"},{"taxonomy":"product_cat","embeddable":true,"href":"https:\/\/www.makitamarket.com.tr\/site\/wp-json\/wp\/v2\/product_cat?post=21531"},{"taxonomy":"product_tag","embeddable":true,"href":"https:\/\/www.makitamarket.com.tr\/site\/wp-json\/wp\/v2\/product_tag?post=21531"}],"curies":[{"name":"wp","href":"https:\/\/api.w.org\/{rel}","templated":true}]}}