{"id":21537,"date":"2024-11-28T20:35:44","date_gmt":"2024-11-28T17:35:44","guid":{"rendered":"https:\/\/www.makitamarket.com.tr\/site\/urun\/makita-ucgen-zimpara-kagidi-240-kum\/"},"modified":"2026-04-06T17:45:46","modified_gmt":"2026-04-06T14:45:46","slug":"makita-ucgen-zimpara-kagidi-240-kum","status":"publish","type":"product","link":"https:\/\/www.makitamarket.com.tr\/site\/urun\/makita-ucgen-zimpara-kagidi-240-kum\/","title":{"rendered":"Makita B-21711 \u00dc\u00c7GEN ZIMPARA KA\u011eIDI 240 KUM"},"content":{"rendered":"<table>\n<tr>\n<td>Ka\u011f\u0131t \u00d6l\u00e7\u00fcleri<\/td>\n<td>93 mm<\/td>\n<\/tr>\n<tr>\n<td>Kum<\/td>\n<td>240<\/td>\n<\/tr>\n<tr>\n<td>Ambalaj<\/td>\n<td>10<\/td>\n<\/tr>\n<\/table>\n","protected":false},"excerpt":{"rendered":"<p>Ka\u011f\u0131t \u00d6l\u00e7\u00fcleri 93 mm Kum 240 Ambalaj 10<\/p>\n","protected":false},"featured_media":0,"comment_status":"open","ping_status":"closed","template":"","meta":{"_acf_changed":false},"product_brand":[1485],"product_cat":[1280],"product_tag":[],"class_list":{"0":"post-21537","1":"product","2":"type-product","3":"status-publish","5":"product_brand-makita","6":"product_cat-zimparalar-polisaj-kece-ve-aksesuarlari","8":"first","9":"instock","10":"taxable","11":"shipping-taxable","12":"purchasable","13":"product-type-simple","14":"add-to-wishlist-after_add_to_cart"},"acf":[],"_links":{"self":[{"href":"https:\/\/www.makitamarket.com.tr\/site\/wp-json\/wp\/v2\/product\/21537","targetHints":{"allow":["GET"]}}],"collection":[{"href":"https:\/\/www.makitamarket.com.tr\/site\/wp-json\/wp\/v2\/product"}],"about":[{"href":"https:\/\/www.makitamarket.com.tr\/site\/wp-json\/wp\/v2\/types\/product"}],"replies":[{"embeddable":true,"href":"https:\/\/www.makitamarket.com.tr\/site\/wp-json\/wp\/v2\/comments?post=21537"}],"wp:attachment":[{"href":"https:\/\/www.makitamarket.com.tr\/site\/wp-json\/wp\/v2\/media?parent=21537"}],"wp:term":[{"taxonomy":"product_brand","embeddable":true,"href":"https:\/\/www.makitamarket.com.tr\/site\/wp-json\/wp\/v2\/product_brand?post=21537"},{"taxonomy":"product_cat","embeddable":true,"href":"https:\/\/www.makitamarket.com.tr\/site\/wp-json\/wp\/v2\/product_cat?post=21537"},{"taxonomy":"product_tag","embeddable":true,"href":"https:\/\/www.makitamarket.com.tr\/site\/wp-json\/wp\/v2\/product_tag?post=21537"}],"curies":[{"name":"wp","href":"https:\/\/api.w.org\/{rel}","templated":true}]}}