{"id":21560,"date":"2024-11-28T20:35:56","date_gmt":"2024-11-28T17:35:56","guid":{"rendered":"https:\/\/www.makitamarket.com.tr\/site\/urun\/proxxon-kesme-diski-10-lu-38-mm\/"},"modified":"2026-04-06T17:43:45","modified_gmt":"2026-04-06T14:43:45","slug":"proxxon-kesme-diski-10-lu-38-mm","status":"publish","type":"product","link":"https:\/\/www.makitamarket.com.tr\/site\/urun\/proxxon-kesme-diski-10-lu-38-mm\/","title":{"rendered":"Proxxon 28820 KESME D\u0130SK\u0130 10 LU 38 mm"},"content":{"rendered":"<p>\n\t<span style=\"font-size:12px;\"><span style=\"font-family:tahoma,geneva,sans-serif;\"><strong>Korundum z\u0131mparalar<br \/>\n\t<\/strong><\/span><\/span><\/p>\n<p>\n\t<span style=\"font-size:12px;\"><span style=\"font-family:tahoma,geneva,sans-serif;\">Diskler \u00f6zel \u00e7apta 22 veya 38 x 0.7 mm&#8217;lik bile\u015fiklerden yap\u0131lm\u0131\u015ft\u0131r. Ala\u015f\u0131m ve metalleri, paslanmaz \u00e7elik, demirsiz metal, ah\u015fap ve plastik malzemeleri kesmek i\u00e7in kullan\u0131l\u0131r.<br \/>\n\t<\/span><\/span><\/p>\n<table>\n<tr>\n<td>Disk \u00c7ap\u0131<\/td>\n<td>38 mm.<\/td>\n<\/tr>\n<tr>\n<td>Mil \u00c7ap\u0131<\/td>\n<td>2,35 mm<\/td>\n<\/tr>\n<\/table>\n","protected":false},"excerpt":{"rendered":"<p>\n\t<span style=\"font-size:12px;\"><span style=\"font-family:tahoma,geneva,sans-serif;\"><strong>Korundum z\u0131mparalar<br \/>\n\t<\/strong><\/span><\/span><\/p>\n<p>\n\t<span style=\"font-size:12px;\"><span style=\"font-family:tahoma,geneva,sans-serif;\">Diskler \u00f6zel \u00e7apta 22 veya 38 x 0.7 mm&#8217;lik bile\u015fiklerden yap\u0131lm\u0131\u015ft\u0131r. Ala\u015f\u0131m ve metalleri, paslanmaz \u00e7elik, demirsiz metal, ah\u015fap ve plastik malzemeleri kesmek i\u00e7in kullan\u0131l\u0131r.<br \/>\n\t<\/span><\/span><\/p>\n","protected":false},"featured_media":21559,"comment_status":"open","ping_status":"closed","template":"","meta":{"_acf_changed":false},"product_brand":[1501],"product_cat":[926],"product_tag":[],"class_list":{"0":"post-21560","1":"product","2":"type-product","3":"status-publish","4":"has-post-thumbnail","6":"product_brand-proxxon","7":"product_cat-aksesuarlar-mikro-aletleri","9":"first","10":"instock","11":"taxable","12":"shipping-taxable","13":"purchasable","14":"product-type-simple","15":"add-to-wishlist-after_add_to_cart"},"acf":[],"_links":{"self":[{"href":"https:\/\/www.makitamarket.com.tr\/site\/wp-json\/wp\/v2\/product\/21560","targetHints":{"allow":["GET"]}}],"collection":[{"href":"https:\/\/www.makitamarket.com.tr\/site\/wp-json\/wp\/v2\/product"}],"about":[{"href":"https:\/\/www.makitamarket.com.tr\/site\/wp-json\/wp\/v2\/types\/product"}],"replies":[{"embeddable":true,"href":"https:\/\/www.makitamarket.com.tr\/site\/wp-json\/wp\/v2\/comments?post=21560"}],"wp:featuredmedia":[{"embeddable":true,"href":"https:\/\/www.makitamarket.com.tr\/site\/wp-json\/wp\/v2\/media\/21559"}],"wp:attachment":[{"href":"https:\/\/www.makitamarket.com.tr\/site\/wp-json\/wp\/v2\/media?parent=21560"}],"wp:term":[{"taxonomy":"product_brand","embeddable":true,"href":"https:\/\/www.makitamarket.com.tr\/site\/wp-json\/wp\/v2\/product_brand?post=21560"},{"taxonomy":"product_cat","embeddable":true,"href":"https:\/\/www.makitamarket.com.tr\/site\/wp-json\/wp\/v2\/product_cat?post=21560"},{"taxonomy":"product_tag","embeddable":true,"href":"https:\/\/www.makitamarket.com.tr\/site\/wp-json\/wp\/v2\/product_tag?post=21560"}],"curies":[{"name":"wp","href":"https:\/\/api.w.org\/{rel}","templated":true}]}}