{"id":21584,"date":"2024-11-28T20:36:03","date_gmt":"2024-11-28T17:36:03","guid":{"rendered":"https:\/\/www.makitamarket.com.tr\/site\/urun\/bmi-bmi-120r-celik-cetvel\/"},"modified":"2026-04-06T17:44:54","modified_gmt":"2026-04-06T14:44:54","slug":"bmi-bmi-120r-celik-cetvel","status":"publish","type":"product","link":"https:\/\/www.makitamarket.com.tr\/site\/urun\/bmi-bmi-120r-celik-cetvel\/","title":{"rendered":"Bmi 120R BMI 120R \u00c7EL\u0130K CETVEL"},"content":{"rendered":"<div>\n\tPaslanmaz yay \u00e7eli\u011finden mam\u00fcl esnek cetveller \u00fczerindeki b\u00f6l\u00fcmlemeler a\u015fInmaz yap\u0131da olup kimyasallar, gres ve ya\u011fa kar\u015f\u0131 diren\u00e7lidir. Metrik b\u00f6l\u00fcmleme EC standard\u0131na uygundur.<\/div>\n<table>\n<tr>\n<td>Uzunluk<\/td>\n<td>200mm<\/td>\n<\/tr>\n<tr>\n<td>GxK (mm)<\/td>\n<td>13&#215;0.5<\/td>\n<\/tr>\n<tr>\n<td>\u00dcst Kenar B\u00f6l\u00fcmleme<\/td>\n<td>1\/2mm<\/td>\n<\/tr>\n<tr>\n<td>Alt Kenar B\u00f6l\u00fcmleme<\/td>\n<td>1\/1mm<\/td>\n<\/tr>\n<\/table>\n","protected":false},"excerpt":{"rendered":"<div>\n\tPaslanmaz yay \u00e7eli\u011finden mam\u00fcl esnek cetveller \u00fczerindeki b\u00f6l\u00fcmlemeler a\u015fInmaz yap\u0131da olup kimyasallar, gres ve ya\u011fa kar\u015f\u0131 diren\u00e7lidir. Metrik b\u00f6l\u00fcmleme EC standard\u0131na uygundur.<\/div>\n","protected":false},"featured_media":21583,"comment_status":"open","ping_status":"closed","template":"","meta":{"_acf_changed":false},"product_brand":[1522],"product_cat":[1300],"product_tag":[],"class_list":{"0":"post-21584","1":"product","2":"type-product","3":"status-publish","4":"has-post-thumbnail","6":"product_brand-bmi","7":"product_cat-cetveller","9":"first","10":"instock","11":"taxable","12":"shipping-taxable","13":"purchasable","14":"product-type-simple","15":"add-to-wishlist-after_add_to_cart"},"acf":[],"_links":{"self":[{"href":"https:\/\/www.makitamarket.com.tr\/site\/wp-json\/wp\/v2\/product\/21584","targetHints":{"allow":["GET"]}}],"collection":[{"href":"https:\/\/www.makitamarket.com.tr\/site\/wp-json\/wp\/v2\/product"}],"about":[{"href":"https:\/\/www.makitamarket.com.tr\/site\/wp-json\/wp\/v2\/types\/product"}],"replies":[{"embeddable":true,"href":"https:\/\/www.makitamarket.com.tr\/site\/wp-json\/wp\/v2\/comments?post=21584"}],"wp:featuredmedia":[{"embeddable":true,"href":"https:\/\/www.makitamarket.com.tr\/site\/wp-json\/wp\/v2\/media\/21583"}],"wp:attachment":[{"href":"https:\/\/www.makitamarket.com.tr\/site\/wp-json\/wp\/v2\/media?parent=21584"}],"wp:term":[{"taxonomy":"product_brand","embeddable":true,"href":"https:\/\/www.makitamarket.com.tr\/site\/wp-json\/wp\/v2\/product_brand?post=21584"},{"taxonomy":"product_cat","embeddable":true,"href":"https:\/\/www.makitamarket.com.tr\/site\/wp-json\/wp\/v2\/product_cat?post=21584"},{"taxonomy":"product_tag","embeddable":true,"href":"https:\/\/www.makitamarket.com.tr\/site\/wp-json\/wp\/v2\/product_tag?post=21584"}],"curies":[{"name":"wp","href":"https:\/\/api.w.org\/{rel}","templated":true}]}}