{"id":21607,"date":"2024-11-28T20:36:12","date_gmt":"2024-11-28T17:36:12","guid":{"rendered":"https:\/\/www.makitamarket.com.tr\/site\/urun\/turcoboor-merkezleme-pimi-6-34x103-mm\/"},"modified":"2025-11-16T11:43:26","modified_gmt":"2025-11-16T08:43:26","slug":"turcoboor-merkezleme-pimi-6-34x103-mm","status":"publish","type":"product","link":"https:\/\/www.makitamarket.com.tr\/site\/urun\/turcoboor-merkezleme-pimi-6-34x103-mm\/","title":{"rendered":"Turcoboor MP6M MERKEZLEME P\u0130M\u0130 6.34&#215;103 mm"},"content":{"rendered":"<table>\n<tr>\n<td>A\u00e7\u0131klama<\/td>\n<td>6.34&#215;103 mm (THM \u00d8 12-60 mm veIBL \u00d8 12-60 mm i\u00e7in)<\/td>\n<\/tr>\n<\/table>\n","protected":false},"excerpt":{"rendered":"<p>A\u00e7\u0131klama 6.34&#215;103 mm (THM \u00d8 12-60 mm veIBL \u00d8 12-60 mm i\u00e7in)<\/p>\n","protected":false},"featured_media":0,"comment_status":"open","ping_status":"closed","template":"","meta":{"_acf_changed":false},"product_brand":[1506],"product_cat":[801],"product_tag":[],"class_list":{"0":"post-21607","1":"product","2":"type-product","3":"status-publish","5":"product_brand-turcoboor","6":"product_cat-aksesuarlar-matkaplar","8":"first","9":"outofstock","10":"taxable","11":"shipping-taxable","12":"purchasable","13":"product-type-simple","14":"add-to-wishlist-after_add_to_cart"},"acf":[],"_links":{"self":[{"href":"https:\/\/www.makitamarket.com.tr\/site\/wp-json\/wp\/v2\/product\/21607","targetHints":{"allow":["GET"]}}],"collection":[{"href":"https:\/\/www.makitamarket.com.tr\/site\/wp-json\/wp\/v2\/product"}],"about":[{"href":"https:\/\/www.makitamarket.com.tr\/site\/wp-json\/wp\/v2\/types\/product"}],"replies":[{"embeddable":true,"href":"https:\/\/www.makitamarket.com.tr\/site\/wp-json\/wp\/v2\/comments?post=21607"}],"wp:attachment":[{"href":"https:\/\/www.makitamarket.com.tr\/site\/wp-json\/wp\/v2\/media?parent=21607"}],"wp:term":[{"taxonomy":"product_brand","embeddable":true,"href":"https:\/\/www.makitamarket.com.tr\/site\/wp-json\/wp\/v2\/product_brand?post=21607"},{"taxonomy":"product_cat","embeddable":true,"href":"https:\/\/www.makitamarket.com.tr\/site\/wp-json\/wp\/v2\/product_cat?post=21607"},{"taxonomy":"product_tag","embeddable":true,"href":"https:\/\/www.makitamarket.com.tr\/site\/wp-json\/wp\/v2\/product_tag?post=21607"}],"curies":[{"name":"wp","href":"https:\/\/api.w.org\/{rel}","templated":true}]}}