{"id":21637,"date":"2024-11-28T20:36:21","date_gmt":"2024-11-28T17:36:21","guid":{"rendered":"https:\/\/www.makitamarket.com.tr\/site\/urun\/proxxon-tutkal-tabancasi-icin-tutkal-cubuklari\/"},"modified":"2026-04-06T17:45:59","modified_gmt":"2026-04-06T14:45:59","slug":"proxxon-tutkal-tabancasi-icin-tutkal-cubuklari","status":"publish","type":"product","link":"https:\/\/www.makitamarket.com.tr\/site\/urun\/proxxon-tutkal-tabancasi-icin-tutkal-cubuklari\/","title":{"rendered":"Proxxon 28194 TUTKAL TABANCASI \u0130\u00c7\u0130N TUTKAL \u00c7UBUKLARI"},"content":{"rendered":"<p>\n\tHKP 220 i\u00e7in yedek tutkal \u00e7ubuklar\u0131<\/p>\n<p>\n\tMetal, ah\u015fap, plastik, seramik, mukavva, deri, polistiren k\u00f6p\u00fck ve kuma\u015f malzemeler i\u00e7in.\u00a0<\/p>\n<p>\n\t\u00d8 7mm. Uzunluk 10mm. Renksiz.<\/p>\n<table>\n<tr>\n<td>\u00d6l\u00e7\u00fcleri<\/td>\n<td>7X100 mm.<\/td>\n<\/tr>\n<\/table>\n","protected":false},"excerpt":{"rendered":"<p>\n\tHKP 220 i\u00e7in yedek tutkal \u00e7ubuklar\u0131<\/p>\n<p>\n\tMetal, ah\u015fap, plastik, seramik, mukavva, deri, polistiren k\u00f6p\u00fck ve kuma\u015f malzemeler i\u00e7in.\u00a0<\/p>\n<p>\n\t\u00d8 7mm. Uzunluk 10mm. Renksiz.<\/p>\n","protected":false},"featured_media":21636,"comment_status":"open","ping_status":"closed","template":"","meta":{"_acf_changed":false},"product_brand":[1501],"product_cat":[926],"product_tag":[],"class_list":{"0":"post-21637","1":"product","2":"type-product","3":"status-publish","4":"has-post-thumbnail","6":"product_brand-proxxon","7":"product_cat-aksesuarlar-mikro-aletleri","9":"first","10":"instock","11":"taxable","12":"shipping-taxable","13":"purchasable","14":"product-type-simple","15":"add-to-wishlist-after_add_to_cart"},"acf":[],"_links":{"self":[{"href":"https:\/\/www.makitamarket.com.tr\/site\/wp-json\/wp\/v2\/product\/21637","targetHints":{"allow":["GET"]}}],"collection":[{"href":"https:\/\/www.makitamarket.com.tr\/site\/wp-json\/wp\/v2\/product"}],"about":[{"href":"https:\/\/www.makitamarket.com.tr\/site\/wp-json\/wp\/v2\/types\/product"}],"replies":[{"embeddable":true,"href":"https:\/\/www.makitamarket.com.tr\/site\/wp-json\/wp\/v2\/comments?post=21637"}],"wp:featuredmedia":[{"embeddable":true,"href":"https:\/\/www.makitamarket.com.tr\/site\/wp-json\/wp\/v2\/media\/21636"}],"wp:attachment":[{"href":"https:\/\/www.makitamarket.com.tr\/site\/wp-json\/wp\/v2\/media?parent=21637"}],"wp:term":[{"taxonomy":"product_brand","embeddable":true,"href":"https:\/\/www.makitamarket.com.tr\/site\/wp-json\/wp\/v2\/product_brand?post=21637"},{"taxonomy":"product_cat","embeddable":true,"href":"https:\/\/www.makitamarket.com.tr\/site\/wp-json\/wp\/v2\/product_cat?post=21637"},{"taxonomy":"product_tag","embeddable":true,"href":"https:\/\/www.makitamarket.com.tr\/site\/wp-json\/wp\/v2\/product_tag?post=21637"}],"curies":[{"name":"wp","href":"https:\/\/api.w.org\/{rel}","templated":true}]}}