{"id":21639,"date":"2024-11-28T20:36:22","date_gmt":"2024-11-28T17:36:22","guid":{"rendered":"https:\/\/www.makitamarket.com.tr\/site\/urun\/makita-makita-d-14962-hss-tin-metaldeliciuc-5mm\/"},"modified":"2026-03-30T11:07:29","modified_gmt":"2026-03-30T08:07:29","slug":"makita-makita-d-14962-hss-tin-metaldeliciuc-5mm","status":"publish","type":"product","link":"https:\/\/www.makitamarket.com.tr\/site\/urun\/makita-makita-d-14962-hss-tin-metaldeliciuc-5mm\/","title":{"rendered":"Makita D-14962 MAKITA D &#8211; 14962 HSS &#8211; TIN METALDEL\u0130C\u0130U\u00c7 5mm"},"content":{"rendered":"<table>\n<tr>\n<td>\u00c7ap<\/td>\n<td>5<\/td>\n<\/tr>\n<tr>\n<td>Uzunluk<\/td>\n<td>106<\/td>\n<\/tr>\n<tr>\n<td>\u00c7al\u0131\u015fma Uzunlu\u011fu<\/td>\n<td>52<\/td>\n<\/tr>\n<tr>\n<td>\u00c7ap<\/td>\n<td>5 mm<\/td>\n<\/tr>\n<tr>\n<td>Uzunluk<\/td>\n<td>106 mm<\/td>\n<\/tr>\n<tr>\n<td>\u00c7al\u0131\u015fma Uzunlu\u011fu<\/td>\n<td>52 mm<\/td>\n<\/tr>\n<\/table>\n","protected":false},"excerpt":{"rendered":"<p>\u00c7ap 5 Uzunluk 106 \u00c7al\u0131\u015fma Uzunlu\u011fu 52 \u00c7ap 5 mm Uzunluk 106 mm \u00c7al\u0131\u015fma Uzunlu\u011fu 52 mm<\/p>\n","protected":false},"featured_media":0,"comment_status":"open","ping_status":"closed","template":"","meta":{"_acf_changed":false},"product_brand":[1485],"product_cat":[1064],"product_tag":[],"class_list":{"0":"post-21639","1":"product","2":"type-product","3":"status-publish","5":"product_brand-makita","6":"product_cat-metal-delme-uclari","8":"first","9":"outofstock","10":"taxable","11":"shipping-taxable","12":"purchasable","13":"product-type-simple","14":"add-to-wishlist-after_add_to_cart"},"acf":[],"_links":{"self":[{"href":"https:\/\/www.makitamarket.com.tr\/site\/wp-json\/wp\/v2\/product\/21639","targetHints":{"allow":["GET"]}}],"collection":[{"href":"https:\/\/www.makitamarket.com.tr\/site\/wp-json\/wp\/v2\/product"}],"about":[{"href":"https:\/\/www.makitamarket.com.tr\/site\/wp-json\/wp\/v2\/types\/product"}],"replies":[{"embeddable":true,"href":"https:\/\/www.makitamarket.com.tr\/site\/wp-json\/wp\/v2\/comments?post=21639"}],"wp:attachment":[{"href":"https:\/\/www.makitamarket.com.tr\/site\/wp-json\/wp\/v2\/media?parent=21639"}],"wp:term":[{"taxonomy":"product_brand","embeddable":true,"href":"https:\/\/www.makitamarket.com.tr\/site\/wp-json\/wp\/v2\/product_brand?post=21639"},{"taxonomy":"product_cat","embeddable":true,"href":"https:\/\/www.makitamarket.com.tr\/site\/wp-json\/wp\/v2\/product_cat?post=21639"},{"taxonomy":"product_tag","embeddable":true,"href":"https:\/\/www.makitamarket.com.tr\/site\/wp-json\/wp\/v2\/product_tag?post=21639"}],"curies":[{"name":"wp","href":"https:\/\/api.w.org\/{rel}","templated":true}]}}