{"id":21666,"date":"2024-11-28T20:36:29","date_gmt":"2024-11-28T17:36:29","guid":{"rendered":"https:\/\/www.makitamarket.com.tr\/site\/urun\/proxxon-endustriyel-1-4-duz-uclu-lokma-tornavida-8-mm\/"},"modified":"2026-03-30T11:07:37","modified_gmt":"2026-03-30T08:07:37","slug":"proxxon-endustriyel-1-4-duz-uclu-lokma-tornavida-8-mm","status":"publish","type":"product","link":"https:\/\/www.makitamarket.com.tr\/site\/urun\/proxxon-endustriyel-1-4-duz-uclu-lokma-tornavida-8-mm\/","title":{"rendered":"Proxxon End\u00fcstriyel 23742 1\/4&#8243; D\u00dcZ U\u00c7LU LOKMA TORNAV\u0130DA 8 mm"},"content":{"rendered":"<table>\n<tr>\n<td>\u00d6l\u00e7\u00fc<\/td>\n<td>8mm<\/td>\n<\/tr>\n<\/table>\n","protected":false},"excerpt":{"rendered":"<p>\u00d6l\u00e7\u00fc 8mm<\/p>\n","protected":false},"featured_media":21665,"comment_status":"open","ping_status":"closed","template":"","meta":{"_acf_changed":false},"product_brand":[1529],"product_cat":[1416],"product_tag":[],"class_list":{"0":"post-21666","1":"product","2":"type-product","3":"status-publish","4":"has-post-thumbnail","6":"product_brand-proxxon-endustriyel","7":"product_cat-lokma-uclari-lokmalar","9":"first","10":"instock","11":"taxable","12":"shipping-taxable","13":"purchasable","14":"product-type-simple","15":"add-to-wishlist-after_add_to_cart"},"acf":[],"_links":{"self":[{"href":"https:\/\/www.makitamarket.com.tr\/site\/wp-json\/wp\/v2\/product\/21666","targetHints":{"allow":["GET"]}}],"collection":[{"href":"https:\/\/www.makitamarket.com.tr\/site\/wp-json\/wp\/v2\/product"}],"about":[{"href":"https:\/\/www.makitamarket.com.tr\/site\/wp-json\/wp\/v2\/types\/product"}],"replies":[{"embeddable":true,"href":"https:\/\/www.makitamarket.com.tr\/site\/wp-json\/wp\/v2\/comments?post=21666"}],"wp:featuredmedia":[{"embeddable":true,"href":"https:\/\/www.makitamarket.com.tr\/site\/wp-json\/wp\/v2\/media\/21665"}],"wp:attachment":[{"href":"https:\/\/www.makitamarket.com.tr\/site\/wp-json\/wp\/v2\/media?parent=21666"}],"wp:term":[{"taxonomy":"product_brand","embeddable":true,"href":"https:\/\/www.makitamarket.com.tr\/site\/wp-json\/wp\/v2\/product_brand?post=21666"},{"taxonomy":"product_cat","embeddable":true,"href":"https:\/\/www.makitamarket.com.tr\/site\/wp-json\/wp\/v2\/product_cat?post=21666"},{"taxonomy":"product_tag","embeddable":true,"href":"https:\/\/www.makitamarket.com.tr\/site\/wp-json\/wp\/v2\/product_tag?post=21666"}],"curies":[{"name":"wp","href":"https:\/\/api.w.org\/{rel}","templated":true}]}}