{"id":21708,"date":"2024-11-28T20:36:42","date_gmt":"2024-11-28T17:36:42","guid":{"rendered":"https:\/\/www.makitamarket.com.tr\/site\/urun\/proxxon-taslama-ucu-2-5-mm\/"},"modified":"2026-04-06T17:47:40","modified_gmt":"2026-04-06T14:47:40","slug":"proxxon-taslama-ucu-2-5-mm","status":"publish","type":"product","link":"https:\/\/www.makitamarket.com.tr\/site\/urun\/proxxon-taslama-ucu-2-5-mm\/","title":{"rendered":"Proxxon 28774 TA\u015eLAMA UCU 2.5 mm"},"content":{"rendered":"<p>\n\t<span style=\"font-size:12px;\"><span style=\"font-family:tahoma,geneva,sans-serif;\"><strong>Korundum ta\u015flama u\u00e7lar\u0131<br \/>\n\t<\/strong><\/span><\/span><\/p>\n<p>\n\t<span style=\"font-size:12px;\"><span style=\"font-family:tahoma,geneva,sans-serif;\">Y\u00fcksek kalite korundum ta\u015flama u\u00e7lar\u0131. Daimi sertlikte, kaliteli ana malzemeden u\u00e7 ve setler. En geni\u015f kapsamda her uygulama i\u00e7in \u00e7e\u015fitli \u015fekillerde.<br \/>\n\t<\/span><\/span><\/p>\n<p>\n\t<span style=\"font-size:12px;\"><span style=\"font-family:tahoma,geneva,sans-serif;\">\u00d6zellikle demir d\u00f6k\u00fcm, \u00e7elik ve sert metal ala\u015f\u0131mlar\u0131n \u00fczerinde \u00e7al\u0131\u015fmak i\u00e7in. Do\u011fru \u00e7apta 2.35 veya 3&#8217;lik mil \u00e7ap\u0131 maksimum hassasiyeti sa\u011flamaktad\u0131r.<br \/>\n\t<\/span><\/span><\/p>\n<p>\n\t<span style=\"font-size:12px;\"><span style=\"font-family:tahoma,geneva,sans-serif;\">Ta\u015flama kural\u0131 : yumu\u015fak malzeme = sert ta\u015flama ucu; sert malzeme = yumu\u015fak ta\u015flama ucu.<br \/>\n\t<\/span><\/span><\/p>\n<table>\n<tr>\n<td>Mil \u00c7ap\u0131<\/td>\n<td>2,35 mm<\/td>\n<\/tr>\n<tr>\n<td>U\u00e7 \u00c7ap\u0131<\/td>\n<td>2.5 mm<\/td>\n<\/tr>\n<\/table>\n","protected":false},"excerpt":{"rendered":"<p>\n\t<span style=\"font-size:12px;\"><span style=\"font-family:tahoma,geneva,sans-serif;\"><strong>Korundum ta\u015flama u\u00e7lar\u0131<br \/>\n\t<\/strong><\/span><\/span><\/p>\n<p>\n\t<span style=\"font-size:12px;\"><span style=\"font-family:tahoma,geneva,sans-serif;\">Y\u00fcksek kalite korundum ta\u015flama u\u00e7lar\u0131. Daimi sertlikte, kaliteli ana malzemeden u\u00e7 ve setler. En geni\u015f kapsamda her uygulama i\u00e7in \u00e7e\u015fitli \u015fekillerde.<br \/>\n\t<\/span><\/span><\/p>\n<p>\n\t<span style=\"font-size:12px;\"><span style=\"font-family:tahoma,geneva,sans-serif;\">\u00d6zellikle demir d\u00f6k\u00fcm, \u00e7elik ve sert metal ala\u015f\u0131mlar\u0131n \u00fczerinde \u00e7al\u0131\u015fmak i\u00e7in. Do\u011fru \u00e7apta 2.35 veya 3&#8217;lik mil \u00e7ap\u0131 maksimum hassasiyeti sa\u011flamaktad\u0131r.<br \/>\n\t<\/span><\/span><\/p>\n<p>\n\t<span style=\"font-size:12px;\"><span style=\"font-family:tahoma,geneva,sans-serif;\">Ta\u015flama kural\u0131 : yumu\u015fak malzeme = sert ta\u015flama ucu; sert malzeme = yumu\u015fak ta\u015flama ucu.<br \/>\n\t<\/span><\/span><\/p>\n","protected":false},"featured_media":21707,"comment_status":"open","ping_status":"closed","template":"","meta":{"_acf_changed":false},"product_brand":[1501],"product_cat":[926],"product_tag":[],"class_list":{"0":"post-21708","1":"product","2":"type-product","3":"status-publish","4":"has-post-thumbnail","6":"product_brand-proxxon","7":"product_cat-aksesuarlar-mikro-aletleri","9":"first","10":"outofstock","11":"taxable","12":"shipping-taxable","13":"purchasable","14":"product-type-simple","15":"add-to-wishlist-after_add_to_cart"},"acf":[],"_links":{"self":[{"href":"https:\/\/www.makitamarket.com.tr\/site\/wp-json\/wp\/v2\/product\/21708","targetHints":{"allow":["GET"]}}],"collection":[{"href":"https:\/\/www.makitamarket.com.tr\/site\/wp-json\/wp\/v2\/product"}],"about":[{"href":"https:\/\/www.makitamarket.com.tr\/site\/wp-json\/wp\/v2\/types\/product"}],"replies":[{"embeddable":true,"href":"https:\/\/www.makitamarket.com.tr\/site\/wp-json\/wp\/v2\/comments?post=21708"}],"wp:featuredmedia":[{"embeddable":true,"href":"https:\/\/www.makitamarket.com.tr\/site\/wp-json\/wp\/v2\/media\/21707"}],"wp:attachment":[{"href":"https:\/\/www.makitamarket.com.tr\/site\/wp-json\/wp\/v2\/media?parent=21708"}],"wp:term":[{"taxonomy":"product_brand","embeddable":true,"href":"https:\/\/www.makitamarket.com.tr\/site\/wp-json\/wp\/v2\/product_brand?post=21708"},{"taxonomy":"product_cat","embeddable":true,"href":"https:\/\/www.makitamarket.com.tr\/site\/wp-json\/wp\/v2\/product_cat?post=21708"},{"taxonomy":"product_tag","embeddable":true,"href":"https:\/\/www.makitamarket.com.tr\/site\/wp-json\/wp\/v2\/product_tag?post=21708"}],"curies":[{"name":"wp","href":"https:\/\/api.w.org\/{rel}","templated":true}]}}