{"id":21729,"date":"2024-11-28T20:36:50","date_gmt":"2024-11-28T17:36:50","guid":{"rendered":"https:\/\/www.makitamarket.com.tr\/site\/urun\/blu-mol-sapli-agac-torpusu-yarim-yuvarlak-8\/"},"modified":"2026-04-06T17:47:50","modified_gmt":"2026-04-06T14:47:50","slug":"blu-mol-sapli-agac-torpusu-yarim-yuvarlak-8","status":"publish","type":"product","link":"https:\/\/www.makitamarket.com.tr\/site\/urun\/blu-mol-sapli-agac-torpusu-yarim-yuvarlak-8\/","title":{"rendered":"Blu-Mol VI29551 SAPLI A\u011eA\u00c7 T\u00d6RP\u00dcS\u00dc &#8211; YARIM YUVARLAK 8&#8243;"},"content":{"rendered":"<table>\n<tr>\n<td>\u00d6zellikleri<\/td>\n<td>Yar\u0131m Yuvarlak 8&#8243;<\/td>\n<\/tr>\n<tr>\n<td>Koli Adedi<\/td>\n<td>60<\/td>\n<\/tr>\n<\/table>\n","protected":false},"excerpt":{"rendered":"<p>\u00d6zellikleri Yar\u0131m Yuvarlak 8&#8243; Koli Adedi 60<\/p>\n","protected":false},"featured_media":21728,"comment_status":"open","ping_status":"closed","template":"","meta":{"_acf_changed":false},"product_brand":[1559],"product_cat":[1198],"product_tag":[],"class_list":{"0":"post-21729","1":"product","2":"type-product","3":"status-publish","4":"has-post-thumbnail","6":"product_brand-blu-mol","7":"product_cat-torpuler","9":"first","10":"instock","11":"taxable","12":"shipping-taxable","13":"purchasable","14":"product-type-simple","15":"add-to-wishlist-after_add_to_cart"},"acf":[],"_links":{"self":[{"href":"https:\/\/www.makitamarket.com.tr\/site\/wp-json\/wp\/v2\/product\/21729","targetHints":{"allow":["GET"]}}],"collection":[{"href":"https:\/\/www.makitamarket.com.tr\/site\/wp-json\/wp\/v2\/product"}],"about":[{"href":"https:\/\/www.makitamarket.com.tr\/site\/wp-json\/wp\/v2\/types\/product"}],"replies":[{"embeddable":true,"href":"https:\/\/www.makitamarket.com.tr\/site\/wp-json\/wp\/v2\/comments?post=21729"}],"wp:featuredmedia":[{"embeddable":true,"href":"https:\/\/www.makitamarket.com.tr\/site\/wp-json\/wp\/v2\/media\/21728"}],"wp:attachment":[{"href":"https:\/\/www.makitamarket.com.tr\/site\/wp-json\/wp\/v2\/media?parent=21729"}],"wp:term":[{"taxonomy":"product_brand","embeddable":true,"href":"https:\/\/www.makitamarket.com.tr\/site\/wp-json\/wp\/v2\/product_brand?post=21729"},{"taxonomy":"product_cat","embeddable":true,"href":"https:\/\/www.makitamarket.com.tr\/site\/wp-json\/wp\/v2\/product_cat?post=21729"},{"taxonomy":"product_tag","embeddable":true,"href":"https:\/\/www.makitamarket.com.tr\/site\/wp-json\/wp\/v2\/product_tag?post=21729"}],"curies":[{"name":"wp","href":"https:\/\/api.w.org\/{rel}","templated":true}]}}