{"id":21731,"date":"2024-11-28T20:36:51","date_gmt":"2024-11-28T17:36:51","guid":{"rendered":"https:\/\/www.makitamarket.com.tr\/site\/urun\/blu-mol-sapli-agac-torpusu-hand-8\/"},"modified":"2026-04-06T17:47:50","modified_gmt":"2026-04-06T14:47:50","slug":"blu-mol-sapli-agac-torpusu-hand-8","status":"publish","type":"product","link":"https:\/\/www.makitamarket.com.tr\/site\/urun\/blu-mol-sapli-agac-torpusu-hand-8\/","title":{"rendered":"Blu-Mol VI29557 SAPLI A\u011eA\u00c7 T\u00d6RP\u00dcS\u00dc &#8211; HAND 8&#8243;"},"content":{"rendered":"<table>\n<tr>\n<td>\u00d6zellikleri<\/td>\n<td>Hard 8&#8243;<\/td>\n<\/tr>\n<tr>\n<td>Koli Adedi<\/td>\n<td>60<\/td>\n<\/tr>\n<\/table>\n","protected":false},"excerpt":{"rendered":"<p>\u00d6zellikleri Hard 8&#8243; Koli Adedi 60<\/p>\n","protected":false},"featured_media":21730,"comment_status":"open","ping_status":"closed","template":"","meta":{"_acf_changed":false},"product_brand":[1559],"product_cat":[1198],"product_tag":[],"class_list":{"0":"post-21731","1":"product","2":"type-product","3":"status-publish","4":"has-post-thumbnail","6":"product_brand-blu-mol","7":"product_cat-torpuler","9":"first","10":"instock","11":"taxable","12":"shipping-taxable","13":"purchasable","14":"product-type-simple","15":"add-to-wishlist-after_add_to_cart"},"acf":[],"_links":{"self":[{"href":"https:\/\/www.makitamarket.com.tr\/site\/wp-json\/wp\/v2\/product\/21731","targetHints":{"allow":["GET"]}}],"collection":[{"href":"https:\/\/www.makitamarket.com.tr\/site\/wp-json\/wp\/v2\/product"}],"about":[{"href":"https:\/\/www.makitamarket.com.tr\/site\/wp-json\/wp\/v2\/types\/product"}],"replies":[{"embeddable":true,"href":"https:\/\/www.makitamarket.com.tr\/site\/wp-json\/wp\/v2\/comments?post=21731"}],"wp:featuredmedia":[{"embeddable":true,"href":"https:\/\/www.makitamarket.com.tr\/site\/wp-json\/wp\/v2\/media\/21730"}],"wp:attachment":[{"href":"https:\/\/www.makitamarket.com.tr\/site\/wp-json\/wp\/v2\/media?parent=21731"}],"wp:term":[{"taxonomy":"product_brand","embeddable":true,"href":"https:\/\/www.makitamarket.com.tr\/site\/wp-json\/wp\/v2\/product_brand?post=21731"},{"taxonomy":"product_cat","embeddable":true,"href":"https:\/\/www.makitamarket.com.tr\/site\/wp-json\/wp\/v2\/product_cat?post=21731"},{"taxonomy":"product_tag","embeddable":true,"href":"https:\/\/www.makitamarket.com.tr\/site\/wp-json\/wp\/v2\/product_tag?post=21731"}],"curies":[{"name":"wp","href":"https:\/\/api.w.org\/{rel}","templated":true}]}}