{"id":21838,"date":"2024-11-28T20:37:33","date_gmt":"2024-11-28T17:37:33","guid":{"rendered":"https:\/\/www.makitamarket.com.tr\/site\/urun\/partner-sari-telli-daire-firca-100xm14\/"},"modified":"2025-11-16T11:48:36","modified_gmt":"2025-11-16T08:48:36","slug":"partner-sari-telli-daire-firca-100xm14","status":"publish","type":"product","link":"https:\/\/www.makitamarket.com.tr\/site\/urun\/partner-sari-telli-daire-firca-100xm14\/","title":{"rendered":"Partner PT03033 SARI TELL\u0130 DA\u0130RE FIR\u00c7A 100xM14"},"content":{"rendered":"<p>\n\tMax. 12.500 d\/dak<\/p>\n<table>\n<tr>\n<td>\u00dcr\u00fcn \u00c7ap\u0131 (mm)<\/td>\n<td>\u00d8125 x M14<\/td>\n<\/tr>\n<tr>\n<td>Tel \u00c7ap\u0131 (mm)<\/td>\n<td>0.30<\/td>\n<\/tr>\n<\/table>\n","protected":false},"excerpt":{"rendered":"<p>\n\tMax. 12.500 d\/dak<\/p>\n","protected":false},"featured_media":21837,"comment_status":"open","ping_status":"closed","template":"","meta":{"_acf_changed":false},"product_brand":[1553],"product_cat":[807],"product_tag":[],"class_list":{"0":"post-21838","1":"product","2":"type-product","3":"status-publish","4":"has-post-thumbnail","6":"product_brand-partner","7":"product_cat-aksesuarlar-fircalar","9":"first","10":"outofstock","11":"taxable","12":"shipping-taxable","13":"purchasable","14":"product-type-simple","15":"add-to-wishlist-after_add_to_cart"},"acf":[],"_links":{"self":[{"href":"https:\/\/www.makitamarket.com.tr\/site\/wp-json\/wp\/v2\/product\/21838","targetHints":{"allow":["GET"]}}],"collection":[{"href":"https:\/\/www.makitamarket.com.tr\/site\/wp-json\/wp\/v2\/product"}],"about":[{"href":"https:\/\/www.makitamarket.com.tr\/site\/wp-json\/wp\/v2\/types\/product"}],"replies":[{"embeddable":true,"href":"https:\/\/www.makitamarket.com.tr\/site\/wp-json\/wp\/v2\/comments?post=21838"}],"wp:featuredmedia":[{"embeddable":true,"href":"https:\/\/www.makitamarket.com.tr\/site\/wp-json\/wp\/v2\/media\/21837"}],"wp:attachment":[{"href":"https:\/\/www.makitamarket.com.tr\/site\/wp-json\/wp\/v2\/media?parent=21838"}],"wp:term":[{"taxonomy":"product_brand","embeddable":true,"href":"https:\/\/www.makitamarket.com.tr\/site\/wp-json\/wp\/v2\/product_brand?post=21838"},{"taxonomy":"product_cat","embeddable":true,"href":"https:\/\/www.makitamarket.com.tr\/site\/wp-json\/wp\/v2\/product_cat?post=21838"},{"taxonomy":"product_tag","embeddable":true,"href":"https:\/\/www.makitamarket.com.tr\/site\/wp-json\/wp\/v2\/product_tag?post=21838"}],"curies":[{"name":"wp","href":"https:\/\/api.w.org\/{rel}","templated":true}]}}