{"id":21855,"date":"2024-11-28T20:37:40","date_gmt":"2024-11-28T17:37:40","guid":{"rendered":"https:\/\/www.makitamarket.com.tr\/site\/urun\/lightorch-lightorch-lt26307-ledli-el-feneri\/"},"modified":"2025-11-16T11:48:41","modified_gmt":"2025-11-16T08:48:41","slug":"lightorch-lightorch-lt26307-ledli-el-feneri","status":"publish","type":"product","link":"https:\/\/www.makitamarket.com.tr\/site\/urun\/lightorch-lightorch-lt26307-ledli-el-feneri\/","title":{"rendered":"Lightorch LT26307 LIGHTORCH LT26307 LED&#8217;L\u0130 EL FENER\u0130"},"content":{"rendered":"<table>\n<tr>\n<td>LED<\/td>\n<td>7xBeyaz<\/td>\n<\/tr>\n<tr>\n<td>Batarya<\/td>\n<td>3D Pil (\u00dcr\u00fcn i\u00e7erisinde Pil Bulunmamaktad\u0131r)<\/td>\n<\/tr>\n<tr>\n<td>G\u00f6vde<\/td>\n<td>Kau\u00e7uk G\u00f6vde<\/td>\n<\/tr>\n<tr>\n<td>G\u00f6vde Uzunlu\u011fu<\/td>\n<td>25 cm<\/td>\n<\/tr>\n<tr>\n<td>Paket \u0130\u00e7i Adedi<\/td>\n<td>10<\/td>\n<\/tr>\n<tr>\n<td>Koli \u0130\u00e7i Adedi<\/td>\n<td>30<\/td>\n<\/tr>\n<\/table>\n","protected":false},"excerpt":{"rendered":"<p>LED 7xBeyaz Batarya 3D Pil (\u00dcr\u00fcn i\u00e7erisinde Pil Bulunmamaktad\u0131r) G\u00f6vde Kau\u00e7uk G\u00f6vde G\u00f6vde Uzunlu\u011fu 25 cm Paket \u0130\u00e7i Adedi 10 Koli \u0130\u00e7i Adedi 30<\/p>\n","protected":false},"featured_media":21854,"comment_status":"open","ping_status":"closed","template":"","meta":{"_acf_changed":false},"product_brand":[1556],"product_cat":[1348],"product_tag":[],"class_list":{"0":"post-21855","1":"product","2":"type-product","3":"status-publish","4":"has-post-thumbnail","6":"product_brand-lightorch","7":"product_cat-pilli-el-fenerleri","9":"first","10":"outofstock","11":"taxable","12":"shipping-taxable","13":"purchasable","14":"product-type-simple","15":"add-to-wishlist-after_add_to_cart"},"acf":[],"_links":{"self":[{"href":"https:\/\/www.makitamarket.com.tr\/site\/wp-json\/wp\/v2\/product\/21855","targetHints":{"allow":["GET"]}}],"collection":[{"href":"https:\/\/www.makitamarket.com.tr\/site\/wp-json\/wp\/v2\/product"}],"about":[{"href":"https:\/\/www.makitamarket.com.tr\/site\/wp-json\/wp\/v2\/types\/product"}],"replies":[{"embeddable":true,"href":"https:\/\/www.makitamarket.com.tr\/site\/wp-json\/wp\/v2\/comments?post=21855"}],"wp:featuredmedia":[{"embeddable":true,"href":"https:\/\/www.makitamarket.com.tr\/site\/wp-json\/wp\/v2\/media\/21854"}],"wp:attachment":[{"href":"https:\/\/www.makitamarket.com.tr\/site\/wp-json\/wp\/v2\/media?parent=21855"}],"wp:term":[{"taxonomy":"product_brand","embeddable":true,"href":"https:\/\/www.makitamarket.com.tr\/site\/wp-json\/wp\/v2\/product_brand?post=21855"},{"taxonomy":"product_cat","embeddable":true,"href":"https:\/\/www.makitamarket.com.tr\/site\/wp-json\/wp\/v2\/product_cat?post=21855"},{"taxonomy":"product_tag","embeddable":true,"href":"https:\/\/www.makitamarket.com.tr\/site\/wp-json\/wp\/v2\/product_tag?post=21855"}],"curies":[{"name":"wp","href":"https:\/\/api.w.org\/{rel}","templated":true}]}}