{"id":21917,"date":"2024-11-28T20:38:00","date_gmt":"2024-11-28T17:38:00","guid":{"rendered":"https:\/\/www.makitamarket.com.tr\/site\/urun\/makita-sds-plus-sivri-tip-keski-160-mm\/"},"modified":"2026-04-06T17:51:57","modified_gmt":"2026-04-06T14:51:57","slug":"makita-sds-plus-sivri-tip-keski-160-mm","status":"publish","type":"product","link":"https:\/\/www.makitamarket.com.tr\/site\/urun\/makita-sds-plus-sivri-tip-keski-160-mm\/","title":{"rendered":"Makita D-08034 SDS &#8211; PLUS S\u0130VR\u0130 T\u0130P KESK\u0130 160 mm"},"content":{"rendered":"<p>\n\tSDS-Plus tip u\u00e7 kullanan t\u00fcm elektropn\u00f6matik makinalarda kullan\u0131lmaktad\u0131r.<\/p>\n<table>\n<tr>\n<td>Tip<\/td>\n<td>Sivri<\/td>\n<\/tr>\n<tr>\n<td>\u1d13<\/td>\n<td>160<\/td>\n<\/tr>\n<\/table>\n","protected":false},"excerpt":{"rendered":"<p>\n\tSDS-Plus tip u\u00e7 kullanan t\u00fcm elektropn\u00f6matik makinalarda kullan\u0131lmaktad\u0131r.<\/p>\n","protected":false},"featured_media":21916,"comment_status":"open","ping_status":"closed","template":"","meta":{"_acf_changed":false},"product_brand":[1485],"product_cat":[1453],"product_tag":[],"class_list":{"0":"post-21917","1":"product","2":"type-product","3":"status-publish","4":"has-post-thumbnail","6":"product_brand-makita","7":"product_cat-sds-plus-keskiler","9":"first","10":"instock","11":"taxable","12":"shipping-taxable","13":"purchasable","14":"product-type-simple","15":"add-to-wishlist-after_add_to_cart"},"acf":[],"_links":{"self":[{"href":"https:\/\/www.makitamarket.com.tr\/site\/wp-json\/wp\/v2\/product\/21917","targetHints":{"allow":["GET"]}}],"collection":[{"href":"https:\/\/www.makitamarket.com.tr\/site\/wp-json\/wp\/v2\/product"}],"about":[{"href":"https:\/\/www.makitamarket.com.tr\/site\/wp-json\/wp\/v2\/types\/product"}],"replies":[{"embeddable":true,"href":"https:\/\/www.makitamarket.com.tr\/site\/wp-json\/wp\/v2\/comments?post=21917"}],"wp:featuredmedia":[{"embeddable":true,"href":"https:\/\/www.makitamarket.com.tr\/site\/wp-json\/wp\/v2\/media\/21916"}],"wp:attachment":[{"href":"https:\/\/www.makitamarket.com.tr\/site\/wp-json\/wp\/v2\/media?parent=21917"}],"wp:term":[{"taxonomy":"product_brand","embeddable":true,"href":"https:\/\/www.makitamarket.com.tr\/site\/wp-json\/wp\/v2\/product_brand?post=21917"},{"taxonomy":"product_cat","embeddable":true,"href":"https:\/\/www.makitamarket.com.tr\/site\/wp-json\/wp\/v2\/product_cat?post=21917"},{"taxonomy":"product_tag","embeddable":true,"href":"https:\/\/www.makitamarket.com.tr\/site\/wp-json\/wp\/v2\/product_tag?post=21917"}],"curies":[{"name":"wp","href":"https:\/\/api.w.org\/{rel}","templated":true}]}}