{"id":21922,"date":"2024-11-28T20:38:01","date_gmt":"2024-11-28T17:38:01","guid":{"rendered":"https:\/\/www.makitamarket.com.tr\/site\/urun\/proscr-6-li-bits-uc-seti\/"},"modified":"2025-11-16T11:50:23","modified_gmt":"2025-11-16T08:50:23","slug":"proscr-6-li-bits-uc-seti","status":"publish","type":"product","link":"https:\/\/www.makitamarket.com.tr\/site\/urun\/proscr-6-li-bits-uc-seti\/","title":{"rendered":"Proscr SCR03327 6 LI B\u0130TS U\u00c7 SET\u0130"},"content":{"rendered":"<div>\n\t<strong>SET \u0130\u00c7ER\u0130\u011e\u0130:<br \/>\n\t<\/strong><\/div>\n<div>\n<ul>\n<li>\n<div>\n\t\t\t\tPH1, PH2<\/div>\n<\/li>\n<li>\n<div>\n\t\t\t\tPZ1, PZ2<\/div>\n<\/li>\n<li>\n<div>\n\t\t\t\tSL4.5, SL7<\/div>\n<\/li>\n<\/ul>\n<\/div>\n<table><\/table>\n","protected":false},"excerpt":{"rendered":"<div>\n\t<strong>SET \u0130\u00c7ER\u0130\u011e\u0130:<br \/>\n\t<\/strong><\/div>\n<div>\n<ul>\n<li>\n<div>\n\t\t\t\tPH1, PH2<\/div>\n<\/li>\n<li>\n<div>\n\t\t\t\tPZ1, PZ2<\/div>\n<\/li>\n<li>\n<div>\n\t\t\t\tSL4.5, SL7<\/div>\n<\/li>\n<\/ul>\n<\/div>\n","protected":false},"featured_media":21921,"comment_status":"open","ping_status":"closed","template":"","meta":{"_acf_changed":false},"product_brand":[1523],"product_cat":[1047],"product_tag":[],"class_list":{"0":"post-21922","1":"product","2":"type-product","3":"status-publish","4":"has-post-thumbnail","6":"product_brand-proscr","7":"product_cat-bits-uclar-aparatlar-adaptorler","9":"first","10":"outofstock","11":"taxable","12":"shipping-taxable","13":"purchasable","14":"product-type-simple","15":"add-to-wishlist-after_add_to_cart"},"acf":[],"_links":{"self":[{"href":"https:\/\/www.makitamarket.com.tr\/site\/wp-json\/wp\/v2\/product\/21922","targetHints":{"allow":["GET"]}}],"collection":[{"href":"https:\/\/www.makitamarket.com.tr\/site\/wp-json\/wp\/v2\/product"}],"about":[{"href":"https:\/\/www.makitamarket.com.tr\/site\/wp-json\/wp\/v2\/types\/product"}],"replies":[{"embeddable":true,"href":"https:\/\/www.makitamarket.com.tr\/site\/wp-json\/wp\/v2\/comments?post=21922"}],"wp:featuredmedia":[{"embeddable":true,"href":"https:\/\/www.makitamarket.com.tr\/site\/wp-json\/wp\/v2\/media\/21921"}],"wp:attachment":[{"href":"https:\/\/www.makitamarket.com.tr\/site\/wp-json\/wp\/v2\/media?parent=21922"}],"wp:term":[{"taxonomy":"product_brand","embeddable":true,"href":"https:\/\/www.makitamarket.com.tr\/site\/wp-json\/wp\/v2\/product_brand?post=21922"},{"taxonomy":"product_cat","embeddable":true,"href":"https:\/\/www.makitamarket.com.tr\/site\/wp-json\/wp\/v2\/product_cat?post=21922"},{"taxonomy":"product_tag","embeddable":true,"href":"https:\/\/www.makitamarket.com.tr\/site\/wp-json\/wp\/v2\/product_tag?post=21922"}],"curies":[{"name":"wp","href":"https:\/\/api.w.org\/{rel}","templated":true}]}}