{"id":21935,"date":"2024-11-28T20:38:08","date_gmt":"2024-11-28T17:38:08","guid":{"rendered":"https:\/\/www.makitamarket.com.tr\/site\/urun\/makita-polisaj-kecesi-280-kum\/"},"modified":"2026-04-06T17:52:45","modified_gmt":"2026-04-06T14:52:45","slug":"makita-polisaj-kecesi-280-kum","status":"publish","type":"product","link":"https:\/\/www.makitamarket.com.tr\/site\/urun\/makita-polisaj-kecesi-280-kum\/","title":{"rendered":"Makita B-21820 POL\u0130SAJ KE\u00c7ES\u0130 280 KUM"},"content":{"rendered":"<p>\n\t\u00c7ok kirli ve tozlu y\u00fczeylerin polisaj \u00f6ncesi temizli\u011fi i\u00e7in kullan\u0131l\u0131r.<\/p>\n<table>\n<tr>\n<td>Ka\u011f\u0131t \u00d6l\u00e7\u00fcleri<\/td>\n<td>93 mm<\/td>\n<\/tr>\n<tr>\n<td>Kum<\/td>\n<td>Orta \/ 280<\/td>\n<\/tr>\n<tr>\n<td>Ambalaj<\/td>\n<td>1<\/td>\n<\/tr>\n<\/table>\n","protected":false},"excerpt":{"rendered":"<p>\n\t\u00c7ok kirli ve tozlu y\u00fczeylerin polisaj \u00f6ncesi temizli\u011fi i\u00e7in kullan\u0131l\u0131r.<\/p>\n","protected":false},"featured_media":21934,"comment_status":"open","ping_status":"closed","template":"","meta":{"_acf_changed":false},"product_brand":[1485],"product_cat":[1280],"product_tag":[],"class_list":{"0":"post-21935","1":"product","2":"type-product","3":"status-publish","4":"has-post-thumbnail","6":"product_brand-makita","7":"product_cat-zimparalar-polisaj-kece-ve-aksesuarlari","9":"first","10":"instock","11":"taxable","12":"shipping-taxable","13":"purchasable","14":"product-type-simple","15":"add-to-wishlist-after_add_to_cart"},"acf":[],"_links":{"self":[{"href":"https:\/\/www.makitamarket.com.tr\/site\/wp-json\/wp\/v2\/product\/21935","targetHints":{"allow":["GET"]}}],"collection":[{"href":"https:\/\/www.makitamarket.com.tr\/site\/wp-json\/wp\/v2\/product"}],"about":[{"href":"https:\/\/www.makitamarket.com.tr\/site\/wp-json\/wp\/v2\/types\/product"}],"replies":[{"embeddable":true,"href":"https:\/\/www.makitamarket.com.tr\/site\/wp-json\/wp\/v2\/comments?post=21935"}],"wp:featuredmedia":[{"embeddable":true,"href":"https:\/\/www.makitamarket.com.tr\/site\/wp-json\/wp\/v2\/media\/21934"}],"wp:attachment":[{"href":"https:\/\/www.makitamarket.com.tr\/site\/wp-json\/wp\/v2\/media?parent=21935"}],"wp:term":[{"taxonomy":"product_brand","embeddable":true,"href":"https:\/\/www.makitamarket.com.tr\/site\/wp-json\/wp\/v2\/product_brand?post=21935"},{"taxonomy":"product_cat","embeddable":true,"href":"https:\/\/www.makitamarket.com.tr\/site\/wp-json\/wp\/v2\/product_cat?post=21935"},{"taxonomy":"product_tag","embeddable":true,"href":"https:\/\/www.makitamarket.com.tr\/site\/wp-json\/wp\/v2\/product_tag?post=21935"}],"curies":[{"name":"wp","href":"https:\/\/api.w.org\/{rel}","templated":true}]}}