{"id":21948,"date":"2024-11-28T20:38:12","date_gmt":"2024-11-28T17:38:12","guid":{"rendered":"https:\/\/www.makitamarket.com.tr\/site\/urun\/makita-somun-anahtari\/"},"modified":"2026-04-06T17:52:51","modified_gmt":"2026-04-06T14:52:51","slug":"makita-somun-anahtari","status":"publish","type":"product","link":"https:\/\/www.makitamarket.com.tr\/site\/urun\/makita-somun-anahtari\/","title":{"rendered":"Makita 782209-3 SOMUN ANAHTARI"},"content":{"rendered":"<table>\n<tr>\n<td>A\u00e7\u0131klama<\/td>\n<td>Somun anahtar\u0131 9<\/td>\n<\/tr>\n<\/table>\n","protected":false},"excerpt":{"rendered":"<p>A\u00e7\u0131klama Somun anahtar\u0131 9<\/p>\n","protected":false},"featured_media":0,"comment_status":"open","ping_status":"closed","template":"","meta":{"_acf_changed":false},"product_brand":[1485],"product_cat":[1473],"product_tag":[],"class_list":{"0":"post-21948","1":"product","2":"type-product","3":"status-publish","5":"product_brand-makita","6":"product_cat-somun-anahtarlari","8":"first","9":"outofstock","10":"taxable","11":"shipping-taxable","12":"purchasable","13":"product-type-simple","14":"add-to-wishlist-after_add_to_cart"},"acf":[],"_links":{"self":[{"href":"https:\/\/www.makitamarket.com.tr\/site\/wp-json\/wp\/v2\/product\/21948","targetHints":{"allow":["GET"]}}],"collection":[{"href":"https:\/\/www.makitamarket.com.tr\/site\/wp-json\/wp\/v2\/product"}],"about":[{"href":"https:\/\/www.makitamarket.com.tr\/site\/wp-json\/wp\/v2\/types\/product"}],"replies":[{"embeddable":true,"href":"https:\/\/www.makitamarket.com.tr\/site\/wp-json\/wp\/v2\/comments?post=21948"}],"wp:attachment":[{"href":"https:\/\/www.makitamarket.com.tr\/site\/wp-json\/wp\/v2\/media?parent=21948"}],"wp:term":[{"taxonomy":"product_brand","embeddable":true,"href":"https:\/\/www.makitamarket.com.tr\/site\/wp-json\/wp\/v2\/product_brand?post=21948"},{"taxonomy":"product_cat","embeddable":true,"href":"https:\/\/www.makitamarket.com.tr\/site\/wp-json\/wp\/v2\/product_cat?post=21948"},{"taxonomy":"product_tag","embeddable":true,"href":"https:\/\/www.makitamarket.com.tr\/site\/wp-json\/wp\/v2\/product_tag?post=21948"}],"curies":[{"name":"wp","href":"https:\/\/api.w.org\/{rel}","templated":true}]}}