{"id":22017,"date":"2024-11-28T20:38:35","date_gmt":"2024-11-28T17:38:35","guid":{"rendered":"https:\/\/www.makitamarket.com.tr\/site\/urun\/knisaw-5-li-dekupaj-testere-bicagi-24-dis\/"},"modified":"2026-03-30T11:15:23","modified_gmt":"2026-03-30T08:15:23","slug":"knisaw-5-li-dekupaj-testere-bicagi-24-dis","status":"publish","type":"product","link":"https:\/\/www.makitamarket.com.tr\/site\/urun\/knisaw-5-li-dekupaj-testere-bicagi-24-dis\/","title":{"rendered":"Knisaw KS51711 5 L\u0130 DEKUPAJ TESTERE BI\u00c7A\u011eI 24 D\u0130\u015e"},"content":{"rendered":"<table>\n<tr>\n<td>Uyum<\/td>\n<td>HCS T111C muadili<\/td>\n<\/tr>\n<tr>\n<td>Uzunluk (mm)<\/td>\n<td>100\/75 mm.<\/td>\n<\/tr>\n<tr>\n<td>Di\u015f<\/td>\n<td>24<\/td>\n<\/tr>\n<tr>\n<td>Kullan\u0131m Alan\u0131<\/td>\n<td>Ah\u015fap<\/td>\n<\/tr>\n<\/table>\n","protected":false},"excerpt":{"rendered":"<p>Uyum HCS T111C muadili Uzunluk (mm) 100\/75 mm. Di\u015f 24 Kullan\u0131m Alan\u0131 Ah\u015fap<\/p>\n","protected":false},"featured_media":22016,"comment_status":"open","ping_status":"closed","template":"","meta":{"_acf_changed":false},"product_brand":[1550],"product_cat":[1204],"product_tag":[],"class_list":{"0":"post-22017","1":"product","2":"type-product","3":"status-publish","4":"has-post-thumbnail","6":"product_brand-knisaw","7":"product_cat-b-tipi-kama-tipi-bicaklar","9":"first","10":"instock","11":"taxable","12":"shipping-taxable","13":"purchasable","14":"product-type-simple","15":"add-to-wishlist-after_add_to_cart"},"acf":[],"_links":{"self":[{"href":"https:\/\/www.makitamarket.com.tr\/site\/wp-json\/wp\/v2\/product\/22017","targetHints":{"allow":["GET"]}}],"collection":[{"href":"https:\/\/www.makitamarket.com.tr\/site\/wp-json\/wp\/v2\/product"}],"about":[{"href":"https:\/\/www.makitamarket.com.tr\/site\/wp-json\/wp\/v2\/types\/product"}],"replies":[{"embeddable":true,"href":"https:\/\/www.makitamarket.com.tr\/site\/wp-json\/wp\/v2\/comments?post=22017"}],"wp:featuredmedia":[{"embeddable":true,"href":"https:\/\/www.makitamarket.com.tr\/site\/wp-json\/wp\/v2\/media\/22016"}],"wp:attachment":[{"href":"https:\/\/www.makitamarket.com.tr\/site\/wp-json\/wp\/v2\/media?parent=22017"}],"wp:term":[{"taxonomy":"product_brand","embeddable":true,"href":"https:\/\/www.makitamarket.com.tr\/site\/wp-json\/wp\/v2\/product_brand?post=22017"},{"taxonomy":"product_cat","embeddable":true,"href":"https:\/\/www.makitamarket.com.tr\/site\/wp-json\/wp\/v2\/product_cat?post=22017"},{"taxonomy":"product_tag","embeddable":true,"href":"https:\/\/www.makitamarket.com.tr\/site\/wp-json\/wp\/v2\/product_tag?post=22017"}],"curies":[{"name":"wp","href":"https:\/\/api.w.org\/{rel}","templated":true}]}}