{"id":22042,"date":"2024-11-28T20:38:46","date_gmt":"2024-11-28T17:38:46","guid":{"rendered":"https:\/\/www.makitamarket.com.tr\/site\/urun\/makita-cok-amacli-t-c-t-elmas-ucu-6-5x100-mm\/"},"modified":"2026-03-30T11:15:28","modified_gmt":"2026-03-30T08:15:28","slug":"makita-cok-amacli-t-c-t-elmas-ucu-6-5x100-mm","status":"publish","type":"product","link":"https:\/\/www.makitamarket.com.tr\/site\/urun\/makita-cok-amacli-t-c-t-elmas-ucu-6-5x100-mm\/","title":{"rendered":"Makita D-31061 \u00c7OK AMA\u00c7LI T.C.T (ELMAS) UCU 6.5&#215;100 mm"},"content":{"rendered":"<table>\n<tr>\n<td>Matkap \u00c7ap\u0131<\/td>\n<td>6.5<\/td>\n<\/tr>\n<tr>\n<td>Matkap Boyu<\/td>\n<td>100<\/td>\n<\/tr>\n<tr>\n<td>\u00c7ap<\/td>\n<td>6.5 mm<\/td>\n<\/tr>\n<tr>\n<td>Uzunluk<\/td>\n<td>100 mm<\/td>\n<\/tr>\n<tr>\n<td>\u00c7al\u0131\u015fma Uzunlu\u011fu<\/td>\n<td>56 mm<\/td>\n<\/tr>\n<\/table>\n","protected":false},"excerpt":{"rendered":"<p>Matkap \u00c7ap\u0131 6.5 Matkap Boyu 100 \u00c7ap 6.5 mm Uzunluk 100 mm \u00c7al\u0131\u015fma Uzunlu\u011fu 56 mm<\/p>\n","protected":false},"featured_media":0,"comment_status":"open","ping_status":"closed","template":"","meta":{"_acf_changed":false},"product_brand":[1485],"product_cat":[1460],"product_tag":[],"class_list":{"0":"post-22042","1":"product","2":"type-product","3":"status-publish","5":"product_brand-makita","6":"product_cat-cok-amacli-uclar","8":"first","9":"instock","10":"taxable","11":"shipping-taxable","12":"purchasable","13":"product-type-simple","14":"add-to-wishlist-after_add_to_cart"},"acf":[],"_links":{"self":[{"href":"https:\/\/www.makitamarket.com.tr\/site\/wp-json\/wp\/v2\/product\/22042","targetHints":{"allow":["GET"]}}],"collection":[{"href":"https:\/\/www.makitamarket.com.tr\/site\/wp-json\/wp\/v2\/product"}],"about":[{"href":"https:\/\/www.makitamarket.com.tr\/site\/wp-json\/wp\/v2\/types\/product"}],"replies":[{"embeddable":true,"href":"https:\/\/www.makitamarket.com.tr\/site\/wp-json\/wp\/v2\/comments?post=22042"}],"wp:attachment":[{"href":"https:\/\/www.makitamarket.com.tr\/site\/wp-json\/wp\/v2\/media?parent=22042"}],"wp:term":[{"taxonomy":"product_brand","embeddable":true,"href":"https:\/\/www.makitamarket.com.tr\/site\/wp-json\/wp\/v2\/product_brand?post=22042"},{"taxonomy":"product_cat","embeddable":true,"href":"https:\/\/www.makitamarket.com.tr\/site\/wp-json\/wp\/v2\/product_cat?post=22042"},{"taxonomy":"product_tag","embeddable":true,"href":"https:\/\/www.makitamarket.com.tr\/site\/wp-json\/wp\/v2\/product_tag?post=22042"}],"curies":[{"name":"wp","href":"https:\/\/api.w.org\/{rel}","templated":true}]}}