{"id":22068,"date":"2024-11-28T20:38:55","date_gmt":"2024-11-28T17:38:55","guid":{"rendered":"https:\/\/www.makitamarket.com.tr\/site\/urun\/fastbond-lehim-sokme-pompasi\/"},"modified":"2026-04-06T17:55:39","modified_gmt":"2026-04-06T14:55:39","slug":"fastbond-lehim-sokme-pompasi","status":"publish","type":"product","link":"https:\/\/www.makitamarket.com.tr\/site\/urun\/fastbond-lehim-sokme-pompasi\/","title":{"rendered":"Fastbond FA27141 LEH\u0130M S\u00d6KME POMPASI"},"content":{"rendered":"<table>\n<tr>\n<td>\u00d6l\u00e7\u00fc<\/td>\n<td>180 mm<\/td>\n<\/tr>\n<\/table>\n","protected":false},"excerpt":{"rendered":"<p>\u00d6l\u00e7\u00fc 180 mm<\/p>\n","protected":false},"featured_media":22067,"comment_status":"open","ping_status":"closed","template":"","meta":{"_acf_changed":false},"product_brand":[1540],"product_cat":[1273],"product_tag":[],"class_list":{"0":"post-22068","1":"product","2":"type-product","3":"status-publish","4":"has-post-thumbnail","6":"product_brand-fastbond","7":"product_cat-lehim-pompasi-ve-aksesuarlar","9":"first","10":"instock","11":"taxable","12":"shipping-taxable","13":"purchasable","14":"product-type-simple","15":"add-to-wishlist-after_add_to_cart"},"acf":[],"_links":{"self":[{"href":"https:\/\/www.makitamarket.com.tr\/site\/wp-json\/wp\/v2\/product\/22068","targetHints":{"allow":["GET"]}}],"collection":[{"href":"https:\/\/www.makitamarket.com.tr\/site\/wp-json\/wp\/v2\/product"}],"about":[{"href":"https:\/\/www.makitamarket.com.tr\/site\/wp-json\/wp\/v2\/types\/product"}],"replies":[{"embeddable":true,"href":"https:\/\/www.makitamarket.com.tr\/site\/wp-json\/wp\/v2\/comments?post=22068"}],"wp:featuredmedia":[{"embeddable":true,"href":"https:\/\/www.makitamarket.com.tr\/site\/wp-json\/wp\/v2\/media\/22067"}],"wp:attachment":[{"href":"https:\/\/www.makitamarket.com.tr\/site\/wp-json\/wp\/v2\/media?parent=22068"}],"wp:term":[{"taxonomy":"product_brand","embeddable":true,"href":"https:\/\/www.makitamarket.com.tr\/site\/wp-json\/wp\/v2\/product_brand?post=22068"},{"taxonomy":"product_cat","embeddable":true,"href":"https:\/\/www.makitamarket.com.tr\/site\/wp-json\/wp\/v2\/product_cat?post=22068"},{"taxonomy":"product_tag","embeddable":true,"href":"https:\/\/www.makitamarket.com.tr\/site\/wp-json\/wp\/v2\/product_tag?post=22068"}],"curies":[{"name":"wp","href":"https:\/\/api.w.org\/{rel}","templated":true}]}}