{"id":22086,"date":"2024-11-28T20:38:59","date_gmt":"2024-11-28T17:38:59","guid":{"rendered":"https:\/\/www.makitamarket.com.tr\/site\/urun\/partner-gri-telli-pimli-daire-firca-75x6-mm\/"},"modified":"2026-04-06T17:55:48","modified_gmt":"2026-04-06T14:55:48","slug":"partner-gri-telli-pimli-daire-firca-75x6-mm","status":"publish","type":"product","link":"https:\/\/www.makitamarket.com.tr\/site\/urun\/partner-gri-telli-pimli-daire-firca-75x6-mm\/","title":{"rendered":"Partner PT03035 GR\u0130 TELL\u0130 P\u0130ML\u0130 DA\u0130RE FIR\u00c7A 75&#215;6 mm"},"content":{"rendered":"<p>\n\tMax. 4.500 d\/dak<\/p>\n<table>\n<tr>\n<td>\u00c7ap (mm) (\u00dcr\u00fcn x Pim)<\/td>\n<td>\u00d875 x 6<\/td>\n<\/tr>\n<tr>\n<td>Tel \u00c7ap\u0131 (mm)<\/td>\n<td>0.30<\/td>\n<\/tr>\n<\/table>\n","protected":false},"excerpt":{"rendered":"<p>\n\tMax. 4.500 d\/dak<\/p>\n","protected":false},"featured_media":22085,"comment_status":"open","ping_status":"closed","template":"","meta":{"_acf_changed":false},"product_brand":[1553],"product_cat":[807],"product_tag":[],"class_list":{"0":"post-22086","1":"product","2":"type-product","3":"status-publish","4":"has-post-thumbnail","6":"product_brand-partner","7":"product_cat-aksesuarlar-fircalar","9":"first","10":"instock","11":"taxable","12":"shipping-taxable","13":"purchasable","14":"product-type-simple","15":"add-to-wishlist-after_add_to_cart"},"acf":[],"_links":{"self":[{"href":"https:\/\/www.makitamarket.com.tr\/site\/wp-json\/wp\/v2\/product\/22086","targetHints":{"allow":["GET"]}}],"collection":[{"href":"https:\/\/www.makitamarket.com.tr\/site\/wp-json\/wp\/v2\/product"}],"about":[{"href":"https:\/\/www.makitamarket.com.tr\/site\/wp-json\/wp\/v2\/types\/product"}],"replies":[{"embeddable":true,"href":"https:\/\/www.makitamarket.com.tr\/site\/wp-json\/wp\/v2\/comments?post=22086"}],"wp:featuredmedia":[{"embeddable":true,"href":"https:\/\/www.makitamarket.com.tr\/site\/wp-json\/wp\/v2\/media\/22085"}],"wp:attachment":[{"href":"https:\/\/www.makitamarket.com.tr\/site\/wp-json\/wp\/v2\/media?parent=22086"}],"wp:term":[{"taxonomy":"product_brand","embeddable":true,"href":"https:\/\/www.makitamarket.com.tr\/site\/wp-json\/wp\/v2\/product_brand?post=22086"},{"taxonomy":"product_cat","embeddable":true,"href":"https:\/\/www.makitamarket.com.tr\/site\/wp-json\/wp\/v2\/product_cat?post=22086"},{"taxonomy":"product_tag","embeddable":true,"href":"https:\/\/www.makitamarket.com.tr\/site\/wp-json\/wp\/v2\/product_tag?post=22086"}],"curies":[{"name":"wp","href":"https:\/\/api.w.org\/{rel}","templated":true}]}}