{"id":22098,"date":"2024-11-28T20:39:04","date_gmt":"2024-11-28T17:39:04","guid":{"rendered":"https:\/\/www.makitamarket.com.tr\/site\/urun\/partner-sari-telli-plastik-sapli-el-tipi-firca\/"},"modified":"2026-04-06T17:55:53","modified_gmt":"2026-04-06T14:55:53","slug":"partner-sari-telli-plastik-sapli-el-tipi-firca","status":"publish","type":"product","link":"https:\/\/www.makitamarket.com.tr\/site\/urun\/partner-sari-telli-plastik-sapli-el-tipi-firca\/","title":{"rendered":"Partner PT02044 SARI TELL\u0130 PLAST\u0130K SAPLI EL T\u0130P\u0130 FIR\u00c7A"},"content":{"rendered":"<table>\n<tr>\n<td>Tel \u00c7ap\u0131 (mm)<\/td>\n<td>0.30<\/td>\n<\/tr>\n<tr>\n<td>Paket \/ Koli \u0130\u00e7i Adedi<\/td>\n<td>12 \/ 120<\/td>\n<\/tr>\n<\/table>\n","protected":false},"excerpt":{"rendered":"<p>Tel \u00c7ap\u0131 (mm) 0.30 Paket \/ Koli \u0130\u00e7i Adedi 12 \/ 120<\/p>\n","protected":false},"featured_media":22097,"comment_status":"open","ping_status":"closed","template":"","meta":{"_acf_changed":false},"product_brand":[1553],"product_cat":[807],"product_tag":[],"class_list":{"0":"post-22098","1":"product","2":"type-product","3":"status-publish","4":"has-post-thumbnail","6":"product_brand-partner","7":"product_cat-aksesuarlar-fircalar","9":"first","10":"outofstock","11":"taxable","12":"shipping-taxable","13":"purchasable","14":"product-type-simple","15":"add-to-wishlist-after_add_to_cart"},"acf":[],"_links":{"self":[{"href":"https:\/\/www.makitamarket.com.tr\/site\/wp-json\/wp\/v2\/product\/22098","targetHints":{"allow":["GET"]}}],"collection":[{"href":"https:\/\/www.makitamarket.com.tr\/site\/wp-json\/wp\/v2\/product"}],"about":[{"href":"https:\/\/www.makitamarket.com.tr\/site\/wp-json\/wp\/v2\/types\/product"}],"replies":[{"embeddable":true,"href":"https:\/\/www.makitamarket.com.tr\/site\/wp-json\/wp\/v2\/comments?post=22098"}],"wp:featuredmedia":[{"embeddable":true,"href":"https:\/\/www.makitamarket.com.tr\/site\/wp-json\/wp\/v2\/media\/22097"}],"wp:attachment":[{"href":"https:\/\/www.makitamarket.com.tr\/site\/wp-json\/wp\/v2\/media?parent=22098"}],"wp:term":[{"taxonomy":"product_brand","embeddable":true,"href":"https:\/\/www.makitamarket.com.tr\/site\/wp-json\/wp\/v2\/product_brand?post=22098"},{"taxonomy":"product_cat","embeddable":true,"href":"https:\/\/www.makitamarket.com.tr\/site\/wp-json\/wp\/v2\/product_cat?post=22098"},{"taxonomy":"product_tag","embeddable":true,"href":"https:\/\/www.makitamarket.com.tr\/site\/wp-json\/wp\/v2\/product_tag?post=22098"}],"curies":[{"name":"wp","href":"https:\/\/api.w.org\/{rel}","templated":true}]}}