{"id":22101,"date":"2024-11-28T20:39:08","date_gmt":"2024-11-28T17:39:08","guid":{"rendered":"https:\/\/www.makitamarket.com.tr\/site\/urun\/promaster-promaster-ms52589-fayans-kesici-yedek-bicagi\/"},"modified":"2026-04-06T17:55:54","modified_gmt":"2026-04-06T14:55:54","slug":"promaster-promaster-ms52589-fayans-kesici-yedek-bicagi","status":"publish","type":"product","link":"https:\/\/www.makitamarket.com.tr\/site\/urun\/promaster-promaster-ms52589-fayans-kesici-yedek-bicagi\/","title":{"rendered":"Promaster MS52589 PROMASTER MS52589 FAYANS KES\u0130C\u0130 YEDEK BI\u00c7A\u011eI"},"content":{"rendered":"<table>\n<tr>\n<td>Uyumlu Fayans Kesici<\/td>\n<td>MS52501<\/td>\n<\/tr>\n<tr>\n<td>B\u0131\u00e7ak \u00d6l\u00e7\u00fcs\u00fc<\/td>\n<td>15 x 6 x 1.5mm.<\/td>\n<\/tr>\n<tr>\n<td>Koli Miktar\u0131<\/td>\n<td>250<\/td>\n<\/tr>\n<\/table>\n","protected":false},"excerpt":{"rendered":"<p>Uyumlu Fayans Kesici MS52501 B\u0131\u00e7ak \u00d6l\u00e7\u00fcs\u00fc 15 x 6 x 1.5mm. Koli Miktar\u0131 250<\/p>\n","protected":false},"featured_media":0,"comment_status":"open","ping_status":"closed","template":"","meta":{"_acf_changed":false},"product_brand":[1537],"product_cat":[1354],"product_tag":[],"class_list":{"0":"post-22101","1":"product","2":"type-product","3":"status-publish","5":"product_brand-promaster","6":"product_cat-yedek-aksesuarlar","8":"first","9":"instock","10":"taxable","11":"shipping-taxable","12":"purchasable","13":"product-type-simple","14":"add-to-wishlist-after_add_to_cart"},"acf":[],"_links":{"self":[{"href":"https:\/\/www.makitamarket.com.tr\/site\/wp-json\/wp\/v2\/product\/22101","targetHints":{"allow":["GET"]}}],"collection":[{"href":"https:\/\/www.makitamarket.com.tr\/site\/wp-json\/wp\/v2\/product"}],"about":[{"href":"https:\/\/www.makitamarket.com.tr\/site\/wp-json\/wp\/v2\/types\/product"}],"replies":[{"embeddable":true,"href":"https:\/\/www.makitamarket.com.tr\/site\/wp-json\/wp\/v2\/comments?post=22101"}],"wp:attachment":[{"href":"https:\/\/www.makitamarket.com.tr\/site\/wp-json\/wp\/v2\/media?parent=22101"}],"wp:term":[{"taxonomy":"product_brand","embeddable":true,"href":"https:\/\/www.makitamarket.com.tr\/site\/wp-json\/wp\/v2\/product_brand?post=22101"},{"taxonomy":"product_cat","embeddable":true,"href":"https:\/\/www.makitamarket.com.tr\/site\/wp-json\/wp\/v2\/product_cat?post=22101"},{"taxonomy":"product_tag","embeddable":true,"href":"https:\/\/www.makitamarket.com.tr\/site\/wp-json\/wp\/v2\/product_tag?post=22101"}],"curies":[{"name":"wp","href":"https:\/\/api.w.org\/{rel}","templated":true}]}}