{"id":22167,"date":"2024-11-28T20:39:35","date_gmt":"2024-11-28T17:39:35","guid":{"rendered":"https:\/\/www.makitamarket.com.tr\/site\/urun\/proxxon-merkez-tornalama-atasmani\/"},"modified":"2026-04-06T17:58:52","modified_gmt":"2026-04-06T14:58:52","slug":"proxxon-merkez-tornalama-atasmani","status":"publish","type":"product","link":"https:\/\/www.makitamarket.com.tr\/site\/urun\/proxxon-merkez-tornalama-atasmani\/","title":{"rendered":"Proxxon 24070 MERKEZ TORNALAMA ATA\u015eMANI"},"content":{"rendered":"<table border=\"0\" cellpadding=\"0\" cellspacing=\"0\" style=\"width:593px;\" width=\"593\">\n<tbody>\n<tr>\n<td style=\"height:17px;\">\n\t\t\t\tMerkez tornalama ata\u015fman\u0131<br \/>\n\t\t\t\t\u00a0<a href=\"http:\/\/www.e-hirdavat.com\/Proxxon-Torna-PD230E-24004,PR-27141.html\" target=\"_blank\">Proxxon Torna PD230\/E \/ 24004<\/a><br \/>\n\t\t\t\ti\u00e7in d\u00fcz ayna<\/p>\n<div>\n\t\t\t\t\t2 adet MT1 merkez<\/div>\n<div>\n\t\t\t\t\t1 adet tahrik mili<\/div>\n<div>\n\t\t\t\t\tD\u00fcz ayna<\/div>\n<\/td>\n<\/tr>\n<\/tbody>\n<\/table>\n<table>\n<tr>\n<td>\u00d6zellik<\/td>\n<td>Merkez tornalama ata\u015fman\u203a PD 230\/E i\u00e7in d\u00fcz ayna, 2ad MT1 merkez 1 ad tahrik mili ve d\u00fcz ayna<\/td>\n<\/tr>\n<\/table>\n","protected":false},"excerpt":{"rendered":"<table border=\"0\" cellpadding=\"0\" cellspacing=\"0\" style=\"width:593px;\" width=\"593\">\n<tbody>\n<tr>\n<td style=\"height:17px;\">\n\t\t\t\tMerkez tornalama ata\u015fman\u0131<br \/>\n\t\t\t\t\u00a0<a href=\"http:\/\/www.e-hirdavat.com\/Proxxon-Torna-PD230E-24004,PR-27141.html\" target=\"_blank\">Proxxon Torna PD230\/E \/ 24004<\/a><br \/>\n\t\t\t\ti\u00e7in d\u00fcz ayna<\/p>\n<div>\n\t\t\t\t\t2 adet MT1 merkez<\/div>\n<div>\n\t\t\t\t\t1 adet tahrik mili<\/div>\n<div>\n\t\t\t\t\tD\u00fcz ayna<\/div>\n<\/td>\n<\/tr>\n<\/tbody>\n<\/table>\n","protected":false},"featured_media":0,"comment_status":"open","ping_status":"closed","template":"","meta":{"_acf_changed":false},"product_brand":[1501],"product_cat":[1565],"product_tag":[],"class_list":{"0":"post-22167","1":"product","2":"type-product","3":"status-publish","5":"product_brand-proxxon","6":"product_cat-yok-yok","8":"first","9":"instock","10":"taxable","11":"shipping-taxable","12":"purchasable","13":"product-type-simple","14":"add-to-wishlist-after_add_to_cart"},"acf":[],"_links":{"self":[{"href":"https:\/\/www.makitamarket.com.tr\/site\/wp-json\/wp\/v2\/product\/22167","targetHints":{"allow":["GET"]}}],"collection":[{"href":"https:\/\/www.makitamarket.com.tr\/site\/wp-json\/wp\/v2\/product"}],"about":[{"href":"https:\/\/www.makitamarket.com.tr\/site\/wp-json\/wp\/v2\/types\/product"}],"replies":[{"embeddable":true,"href":"https:\/\/www.makitamarket.com.tr\/site\/wp-json\/wp\/v2\/comments?post=22167"}],"wp:attachment":[{"href":"https:\/\/www.makitamarket.com.tr\/site\/wp-json\/wp\/v2\/media?parent=22167"}],"wp:term":[{"taxonomy":"product_brand","embeddable":true,"href":"https:\/\/www.makitamarket.com.tr\/site\/wp-json\/wp\/v2\/product_brand?post=22167"},{"taxonomy":"product_cat","embeddable":true,"href":"https:\/\/www.makitamarket.com.tr\/site\/wp-json\/wp\/v2\/product_cat?post=22167"},{"taxonomy":"product_tag","embeddable":true,"href":"https:\/\/www.makitamarket.com.tr\/site\/wp-json\/wp\/v2\/product_tag?post=22167"}],"curies":[{"name":"wp","href":"https:\/\/api.w.org\/{rel}","templated":true}]}}