{"id":22176,"date":"2024-11-28T20:39:38","date_gmt":"2024-11-28T17:39:38","guid":{"rendered":"https:\/\/www.makitamarket.com.tr\/site\/urun\/scheppach-hm254spx-gonye-kesme-makinasi-254mm\/"},"modified":"2026-04-06T17:57:53","modified_gmt":"2026-04-06T14:57:53","slug":"scheppach-hm254spx-gonye-kesme-makinasi-254mm","status":"publish","type":"product","link":"https:\/\/www.makitamarket.com.tr\/site\/urun\/scheppach-hm254spx-gonye-kesme-makinasi-254mm\/","title":{"rendered":"Scheppach HM254SPX HM254SPX G\u00d6NYE KESME MAK\u0130NASI 254MM"},"content":{"rendered":"<p>Pakete Dahil Testereler : 48 di\u015f ve 60 di\u015f<\/p>\n<p>Kesme 90\u00ba\/90\u00ba (Geni\u015flik\/Y\u00fckseklik): 340&#215;90 mm<\/p>\n<p>Kesme 90\u00ba\/45\u00ba (Geni\u015flik\/Y\u00fckseklik): 240&#215;90 mm<\/p>\n<p>Kesme 45\u00ba\/90\u00ba (Geni\u015flik\/Y\u00fckseklik): 340&#215;46 mm<\/p>\n<p>Kesme 45\u00ba\/45\u00ba (Geni\u015flik\/Y\u00fckseklik): 240&#215;46 mm<\/p>\n<table>\n<tr>\n<td>Testere \u00e7ap\u0131<\/td>\n<td>\u00d8 254mm \/ 48 di\u015f<\/td>\n<\/tr>\n<tr>\n<td>Bo\u015fta devir (d\/dk)<\/td>\n<td>4800 d\/dak<\/td>\n<\/tr>\n<tr>\n<td>E\u011fim A\u00e7\u0131s\u0131<\/td>\n<td>0-45 derece<\/td>\n<\/tr>\n<tr>\n<td>Motor<\/td>\n<td>220-240V \/ 50Hz<\/td>\n<\/tr>\n<tr>\n<td>Ebatlar (UxGxY)<\/td>\n<td>770x705x560<\/td>\n<\/tr>\n<tr>\n<td>G\u00fc\u00e7<\/td>\n<td>2200 W<\/td>\n<\/tr>\n<tr>\n<td>A\u011f\u0131rl\u0131k<\/td>\n<td>14,4<\/td>\n<\/tr>\n<\/table>\n","protected":false},"excerpt":{"rendered":"<p>Pakete Dahil Testereler : 48 di\u015f ve 60 di\u015f<\/p>\n<p>Kesme 90\u00ba\/90\u00ba (Geni\u015flik\/Y\u00fckseklik): 340&#215;90 mm<\/p>\n<p>Kesme 90\u00ba\/45\u00ba (Geni\u015flik\/Y\u00fckseklik): 240&#215;90 mm<\/p>\n<p>Kesme 45\u00ba\/90\u00ba (Geni\u015flik\/Y\u00fckseklik): 340&#215;46 mm<\/p>\n<p>Kesme 45\u00ba\/45\u00ba (Geni\u015flik\/Y\u00fckseklik): 240&#215;46 mm<\/p>\n","protected":false},"featured_media":0,"comment_status":"open","ping_status":"closed","template":"","meta":{"_acf_changed":false},"product_brand":[1514],"product_cat":[1565],"product_tag":[],"class_list":{"0":"post-22176","1":"product","2":"type-product","3":"status-publish","5":"product_brand-scheppach","6":"product_cat-yok-yok","8":"first","9":"instock","10":"taxable","11":"shipping-taxable","12":"purchasable","13":"product-type-simple","14":"add-to-wishlist-after_add_to_cart"},"acf":[],"_links":{"self":[{"href":"https:\/\/www.makitamarket.com.tr\/site\/wp-json\/wp\/v2\/product\/22176","targetHints":{"allow":["GET"]}}],"collection":[{"href":"https:\/\/www.makitamarket.com.tr\/site\/wp-json\/wp\/v2\/product"}],"about":[{"href":"https:\/\/www.makitamarket.com.tr\/site\/wp-json\/wp\/v2\/types\/product"}],"replies":[{"embeddable":true,"href":"https:\/\/www.makitamarket.com.tr\/site\/wp-json\/wp\/v2\/comments?post=22176"}],"wp:attachment":[{"href":"https:\/\/www.makitamarket.com.tr\/site\/wp-json\/wp\/v2\/media?parent=22176"}],"wp:term":[{"taxonomy":"product_brand","embeddable":true,"href":"https:\/\/www.makitamarket.com.tr\/site\/wp-json\/wp\/v2\/product_brand?post=22176"},{"taxonomy":"product_cat","embeddable":true,"href":"https:\/\/www.makitamarket.com.tr\/site\/wp-json\/wp\/v2\/product_cat?post=22176"},{"taxonomy":"product_tag","embeddable":true,"href":"https:\/\/www.makitamarket.com.tr\/site\/wp-json\/wp\/v2\/product_tag?post=22176"}],"curies":[{"name":"wp","href":"https:\/\/api.w.org\/{rel}","templated":true}]}}