{"id":22197,"date":"2024-11-28T20:39:54","date_gmt":"2024-11-28T17:39:54","guid":{"rendered":"https:\/\/www.makitamarket.com.tr\/site\/urun\/factor-lcx168-benzinli-vibrasyonlu-tokmak\/"},"modified":"2025-11-16T12:00:22","modified_gmt":"2025-11-16T09:00:22","slug":"factor-lcx168-benzinli-vibrasyonlu-tokmak","status":"publish","type":"product","link":"https:\/\/www.makitamarket.com.tr\/site\/urun\/factor-lcx168-benzinli-vibrasyonlu-tokmak\/","title":{"rendered":"Factor FACLCX168 LCX168 BENZ\u0130NL\u0130 V\u0130BRASYONLU TOKMAK"},"content":{"rendered":"<table>\n<tr>\n<td>Motor<\/td>\n<td>LONC\u0130N LC168F2H (EuroV, Benzinli)<\/td>\n<\/tr>\n<tr>\n<td>Motor tipi<\/td>\n<td>Hava So\u011futmal\u0131, Tek Silindirli, 4 Zamanl\u0131<\/td>\n<\/tr>\n<tr>\n<td>G\u00fc\u00e7<\/td>\n<td>4.1kW \/ 5.3hp<\/td>\n<\/tr>\n<tr>\n<td>Yak\u0131t Kapasitesi (Lt)<\/td>\n<td>2.8<\/td>\n<\/tr>\n<tr>\n<td>S\u0131k\u0131\u015ft\u0131rma kuvveti<\/td>\n<td>10 kN<\/td>\n<\/tr>\n<tr>\n<td>K\u00f6r\u00fck<\/td>\n<td>Alman Men\u015feili Poli\u00fcretan<\/td>\n<\/tr>\n<tr>\n<td>Dakikada darbe say\u0131s\u0131<\/td>\n<td>450-650 (max)<\/td>\n<\/tr>\n<tr>\n<td>Tabla \u00d6l\u00e7\u00fcs\u00fc<\/td>\n<td>34.5&#215;28.5cm<\/td>\n<\/tr>\n<tr>\n<td>A\u011f\u0131rl\u0131k<\/td>\n<td>77kg<\/td>\n<\/tr>\n<tr>\n<td>Boyutlar (UxGxY)<\/td>\n<td>57x51x104cm<\/td>\n<\/tr>\n<\/table>\n","protected":false},"excerpt":{"rendered":"<p>Motor LONC\u0130N LC168F2H (EuroV, Benzinli) Motor tipi Hava So\u011futmal\u0131, Tek Silindirli, 4 Zamanl\u0131 G\u00fc\u00e7 4.1kW \/ 5.3hp Yak\u0131t Kapasitesi (Lt) 2.8 S\u0131k\u0131\u015ft\u0131rma kuvveti 10 kN K\u00f6r\u00fck Alman Men\u015feili Poli\u00fcretan Dakikada<\/p>\n","protected":false},"featured_media":22196,"comment_status":"open","ping_status":"closed","template":"","meta":{"_acf_changed":false},"product_brand":[1494],"product_cat":[1565],"product_tag":[],"class_list":{"0":"post-22197","1":"product","2":"type-product","3":"status-publish","4":"has-post-thumbnail","6":"product_brand-factor","7":"product_cat-yok-yok","9":"first","10":"outofstock","11":"taxable","12":"shipping-taxable","13":"purchasable","14":"product-type-simple","15":"add-to-wishlist-after_add_to_cart"},"acf":[],"_links":{"self":[{"href":"https:\/\/www.makitamarket.com.tr\/site\/wp-json\/wp\/v2\/product\/22197","targetHints":{"allow":["GET"]}}],"collection":[{"href":"https:\/\/www.makitamarket.com.tr\/site\/wp-json\/wp\/v2\/product"}],"about":[{"href":"https:\/\/www.makitamarket.com.tr\/site\/wp-json\/wp\/v2\/types\/product"}],"replies":[{"embeddable":true,"href":"https:\/\/www.makitamarket.com.tr\/site\/wp-json\/wp\/v2\/comments?post=22197"}],"wp:featuredmedia":[{"embeddable":true,"href":"https:\/\/www.makitamarket.com.tr\/site\/wp-json\/wp\/v2\/media\/22196"}],"wp:attachment":[{"href":"https:\/\/www.makitamarket.com.tr\/site\/wp-json\/wp\/v2\/media?parent=22197"}],"wp:term":[{"taxonomy":"product_brand","embeddable":true,"href":"https:\/\/www.makitamarket.com.tr\/site\/wp-json\/wp\/v2\/product_brand?post=22197"},{"taxonomy":"product_cat","embeddable":true,"href":"https:\/\/www.makitamarket.com.tr\/site\/wp-json\/wp\/v2\/product_cat?post=22197"},{"taxonomy":"product_tag","embeddable":true,"href":"https:\/\/www.makitamarket.com.tr\/site\/wp-json\/wp\/v2\/product_tag?post=22197"}],"curies":[{"name":"wp","href":"https:\/\/api.w.org\/{rel}","templated":true}]}}