{"id":22200,"date":"2024-11-28T20:39:54","date_gmt":"2024-11-28T17:39:54","guid":{"rendered":"https:\/\/www.makitamarket.com.tr\/site\/urun\/kama-by-reis-kama-by-reis-bms56-benzinli-cim-bicme-makinasi\/"},"modified":"2025-11-16T12:00:23","modified_gmt":"2025-11-16T09:00:23","slug":"kama-by-reis-kama-by-reis-bms56-benzinli-cim-bicme-makinasi","status":"publish","type":"product","link":"https:\/\/www.makitamarket.com.tr\/site\/urun\/kama-by-reis-kama-by-reis-bms56-benzinli-cim-bicme-makinasi\/","title":{"rendered":"Kama By Reis BMS56 KAMA BY REIS BMS56 BENZ\u0130NL\u0130 \u00c7\u0130M B\u0130\u00c7ME MAK\u0130NASI"},"content":{"rendered":"<table>\n<tr>\n<td>\u015ease<\/td>\n<td>\u00c7elik<\/td>\n<\/tr>\n<tr>\n<td>Motor \/ Motor Hacmi<\/td>\n<td>B &#038; S675EXI \/ 163cc<\/td>\n<\/tr>\n<tr>\n<td>Kesme Geni\u015fli\u011fi<\/td>\n<td>550 mm<\/td>\n<\/tr>\n<tr>\n<td>Y\u00fckseklik Ayar\u0131<\/td>\n<td>25\/75 mm 7 kademeli<\/td>\n<\/tr>\n<tr>\n<td>Tekerlek Ebat\u0131<\/td>\n<td>8&#8243;\/10&#8243;<\/td>\n<\/tr>\n<tr>\n<td>\u00c7im Haznesi<\/td>\n<td>70 L<\/td>\n<\/tr>\n<tr>\n<td>Teorik \u00c7al\u0131\u015fma Alan\u0131<\/td>\n<td>2400 m\u00b2<\/td>\n<\/tr>\n<\/table>\n","protected":false},"excerpt":{"rendered":"<p>\u015ease \u00c7elik Motor \/ Motor Hacmi B &#038; S675EXI \/ 163cc Kesme Geni\u015fli\u011fi 550 mm Y\u00fckseklik Ayar\u0131 25\/75 mm 7 kademeli Tekerlek Ebat\u0131 8&#8243;\/10&#8243; \u00c7im Haznesi 70 L Teorik \u00c7al\u0131\u015fma<\/p>\n","protected":false},"featured_media":0,"comment_status":"open","ping_status":"closed","template":"","meta":{"_acf_changed":false},"product_brand":[1500],"product_cat":[1565],"product_tag":[],"class_list":{"0":"post-22200","1":"product","2":"type-product","3":"status-publish","5":"product_brand-kama-by-reis","6":"product_cat-yok-yok","8":"first","9":"outofstock","10":"taxable","11":"shipping-taxable","12":"purchasable","13":"product-type-simple","14":"add-to-wishlist-after_add_to_cart"},"acf":[],"_links":{"self":[{"href":"https:\/\/www.makitamarket.com.tr\/site\/wp-json\/wp\/v2\/product\/22200","targetHints":{"allow":["GET"]}}],"collection":[{"href":"https:\/\/www.makitamarket.com.tr\/site\/wp-json\/wp\/v2\/product"}],"about":[{"href":"https:\/\/www.makitamarket.com.tr\/site\/wp-json\/wp\/v2\/types\/product"}],"replies":[{"embeddable":true,"href":"https:\/\/www.makitamarket.com.tr\/site\/wp-json\/wp\/v2\/comments?post=22200"}],"wp:attachment":[{"href":"https:\/\/www.makitamarket.com.tr\/site\/wp-json\/wp\/v2\/media?parent=22200"}],"wp:term":[{"taxonomy":"product_brand","embeddable":true,"href":"https:\/\/www.makitamarket.com.tr\/site\/wp-json\/wp\/v2\/product_brand?post=22200"},{"taxonomy":"product_cat","embeddable":true,"href":"https:\/\/www.makitamarket.com.tr\/site\/wp-json\/wp\/v2\/product_cat?post=22200"},{"taxonomy":"product_tag","embeddable":true,"href":"https:\/\/www.makitamarket.com.tr\/site\/wp-json\/wp\/v2\/product_tag?post=22200"}],"curies":[{"name":"wp","href":"https:\/\/api.w.org\/{rel}","templated":true}]}}