{"id":22254,"date":"2024-11-28T20:40:23","date_gmt":"2024-11-28T17:40:23","guid":{"rendered":"https:\/\/www.makitamarket.com.tr\/site\/urun\/weller-wltsf08ibu75-duz-havya-ucu-08mm-3lu\/"},"modified":"2026-04-13T23:34:33","modified_gmt":"2026-04-13T20:34:33","slug":"weller-wltsf08ibu75-duz-havya-ucu-08mm-3lu","status":"publish","type":"product","link":"https:\/\/www.makitamarket.com.tr\/site\/urun\/weller-wltsf08ibu75-duz-havya-ucu-08mm-3lu\/","title":{"rendered":"Weller WLTSF08IBU75 WLTSF08IBU75 D\u00dcZ HAVYA UCU 0,8MM 3&#8217;L\u00dc"},"content":{"rendered":"<p>D\u00fcz Havya Ucu 0,8 mm 3\u2019l\u00fc<\/p>\n<table><\/table>\n","protected":false},"excerpt":{"rendered":"<p>D\u00fcz Havya Ucu 0,8 mm 3\u2019l\u00fc<\/p>\n","protected":false},"featured_media":22253,"comment_status":"open","ping_status":"closed","template":"","meta":{"_acf_changed":false},"product_brand":[1530],"product_cat":[1565],"product_tag":[],"class_list":{"0":"post-22254","1":"product","2":"type-product","3":"status-publish","4":"has-post-thumbnail","6":"product_brand-weller","7":"product_cat-yok-yok","9":"first","10":"instock","11":"taxable","12":"shipping-taxable","13":"purchasable","14":"product-type-simple","15":"add-to-wishlist-after_add_to_cart"},"acf":[],"_links":{"self":[{"href":"https:\/\/www.makitamarket.com.tr\/site\/wp-json\/wp\/v2\/product\/22254","targetHints":{"allow":["GET"]}}],"collection":[{"href":"https:\/\/www.makitamarket.com.tr\/site\/wp-json\/wp\/v2\/product"}],"about":[{"href":"https:\/\/www.makitamarket.com.tr\/site\/wp-json\/wp\/v2\/types\/product"}],"replies":[{"embeddable":true,"href":"https:\/\/www.makitamarket.com.tr\/site\/wp-json\/wp\/v2\/comments?post=22254"}],"wp:featuredmedia":[{"embeddable":true,"href":"https:\/\/www.makitamarket.com.tr\/site\/wp-json\/wp\/v2\/media\/22253"}],"wp:attachment":[{"href":"https:\/\/www.makitamarket.com.tr\/site\/wp-json\/wp\/v2\/media?parent=22254"}],"wp:term":[{"taxonomy":"product_brand","embeddable":true,"href":"https:\/\/www.makitamarket.com.tr\/site\/wp-json\/wp\/v2\/product_brand?post=22254"},{"taxonomy":"product_cat","embeddable":true,"href":"https:\/\/www.makitamarket.com.tr\/site\/wp-json\/wp\/v2\/product_cat?post=22254"},{"taxonomy":"product_tag","embeddable":true,"href":"https:\/\/www.makitamarket.com.tr\/site\/wp-json\/wp\/v2\/product_tag?post=22254"}],"curies":[{"name":"wp","href":"https:\/\/api.w.org\/{rel}","templated":true}]}}