{"id":22256,"date":"2024-11-28T20:40:23","date_gmt":"2024-11-28T17:40:23","guid":{"rendered":"https:\/\/www.makitamarket.com.tr\/site\/urun\/weller-wltsf24ibu75-konik-egimli-havya-ucu-24-mm-3lu\/"},"modified":"2026-04-06T18:05:06","modified_gmt":"2026-04-06T15:05:06","slug":"weller-wltsf24ibu75-konik-egimli-havya-ucu-24-mm-3lu","status":"publish","type":"product","link":"https:\/\/www.makitamarket.com.tr\/site\/urun\/weller-wltsf24ibu75-konik-egimli-havya-ucu-24-mm-3lu\/","title":{"rendered":"Weller WLTSF24IBU75 WLTSF24IBU75 KON\u0130K E\u011e\u0130ML\u0130 HAVYA UCU 2,4 MM 3&#8217;L\u00dc"},"content":{"rendered":"<p>Konik E\u011fimli Havya Ucu 2,4 mm 3\u2019l\u00fc<\/p>\n<table><\/table>\n","protected":false},"excerpt":{"rendered":"<p>Konik E\u011fimli Havya Ucu 2,4 mm 3\u2019l\u00fc<\/p>\n","protected":false},"featured_media":22255,"comment_status":"open","ping_status":"closed","template":"","meta":{"_acf_changed":false},"product_brand":[1530],"product_cat":[1565],"product_tag":[],"class_list":{"0":"post-22256","1":"product","2":"type-product","3":"status-publish","4":"has-post-thumbnail","6":"product_brand-weller","7":"product_cat-yok-yok","9":"first","10":"outofstock","11":"taxable","12":"shipping-taxable","13":"purchasable","14":"product-type-simple","15":"add-to-wishlist-after_add_to_cart"},"acf":[],"_links":{"self":[{"href":"https:\/\/www.makitamarket.com.tr\/site\/wp-json\/wp\/v2\/product\/22256","targetHints":{"allow":["GET"]}}],"collection":[{"href":"https:\/\/www.makitamarket.com.tr\/site\/wp-json\/wp\/v2\/product"}],"about":[{"href":"https:\/\/www.makitamarket.com.tr\/site\/wp-json\/wp\/v2\/types\/product"}],"replies":[{"embeddable":true,"href":"https:\/\/www.makitamarket.com.tr\/site\/wp-json\/wp\/v2\/comments?post=22256"}],"wp:featuredmedia":[{"embeddable":true,"href":"https:\/\/www.makitamarket.com.tr\/site\/wp-json\/wp\/v2\/media\/22255"}],"wp:attachment":[{"href":"https:\/\/www.makitamarket.com.tr\/site\/wp-json\/wp\/v2\/media?parent=22256"}],"wp:term":[{"taxonomy":"product_brand","embeddable":true,"href":"https:\/\/www.makitamarket.com.tr\/site\/wp-json\/wp\/v2\/product_brand?post=22256"},{"taxonomy":"product_cat","embeddable":true,"href":"https:\/\/www.makitamarket.com.tr\/site\/wp-json\/wp\/v2\/product_cat?post=22256"},{"taxonomy":"product_tag","embeddable":true,"href":"https:\/\/www.makitamarket.com.tr\/site\/wp-json\/wp\/v2\/product_tag?post=22256"}],"curies":[{"name":"wp","href":"https:\/\/api.w.org\/{rel}","templated":true}]}}