{"id":22266,"date":"2024-11-28T20:40:29","date_gmt":"2024-11-28T17:40:29","guid":{"rendered":"https:\/\/www.makitamarket.com.tr\/site\/urun\/weller-wlbu75-akulu-butan-gazli-lehim-havya\/"},"modified":"2026-04-06T18:03:56","modified_gmt":"2026-04-06T15:03:56","slug":"weller-wlbu75-akulu-butan-gazli-lehim-havya","status":"publish","type":"product","link":"https:\/\/www.makitamarket.com.tr\/site\/urun\/weller-wlbu75-akulu-butan-gazli-lehim-havya\/","title":{"rendered":"Weller WLBU75 WLBU75 AK\u00dcL\u00dc B\u00dcTAN GAZLI LEH\u0130M HAVYA"},"content":{"rendered":"<p>\u2022 Koruyucu ba\u015fl\u0131k tak\u0131ld\u0131ktan sonra otomatik kapanma<\/p>\n<p>\u2022 Alev ayar\u0131<\/p>\n<p>\u2022 U\u00e7 S\u0131cakl\u0131k Kontrol\u00fc<\/p>\n<p>\u2022 Azami s\u0131cakl\u0131k 580\u00b0C<\/p>\n<p>\u2022 Piezoelektrik \u00e7akmak<\/p>\n<p><\/p>\n<p><strong>Standart Ekipmanlar<\/strong><\/p>\n<p>Gaz havya, koruyucu ba\u015fl\u0131k, d\u00fcz havya ucu 2,4 mm<\/p>\n<table><\/table>\n","protected":false},"excerpt":{"rendered":"<p>\u2022 Koruyucu ba\u015fl\u0131k tak\u0131ld\u0131ktan sonra otomatik kapanma<\/p>\n<p>\u2022 Alev ayar\u0131<\/p>\n<p>\u2022 U\u00e7 S\u0131cakl\u0131k Kontrol\u00fc<\/p>\n<p>\u2022 Azami s\u0131cakl\u0131k 580\u00b0C<\/p>\n<p>\u2022 Piezoelektrik \u00e7akmak<\/p>\n<p><\/p>\n<p><strong>Standart Ekipmanlar<\/strong><\/p>\n<p>Gaz havya, koruyucu ba\u015fl\u0131k, d\u00fcz havya ucu 2,4 mm<\/p>\n","protected":false},"featured_media":22265,"comment_status":"open","ping_status":"closed","template":"","meta":{"_acf_changed":false},"product_brand":[1530],"product_cat":[1565],"product_tag":[],"class_list":{"0":"post-22266","1":"product","2":"type-product","3":"status-publish","4":"has-post-thumbnail","6":"product_brand-weller","7":"product_cat-yok-yok","9":"first","10":"instock","11":"taxable","12":"shipping-taxable","13":"purchasable","14":"product-type-simple","15":"add-to-wishlist-after_add_to_cart"},"acf":[],"_links":{"self":[{"href":"https:\/\/www.makitamarket.com.tr\/site\/wp-json\/wp\/v2\/product\/22266","targetHints":{"allow":["GET"]}}],"collection":[{"href":"https:\/\/www.makitamarket.com.tr\/site\/wp-json\/wp\/v2\/product"}],"about":[{"href":"https:\/\/www.makitamarket.com.tr\/site\/wp-json\/wp\/v2\/types\/product"}],"replies":[{"embeddable":true,"href":"https:\/\/www.makitamarket.com.tr\/site\/wp-json\/wp\/v2\/comments?post=22266"}],"wp:featuredmedia":[{"embeddable":true,"href":"https:\/\/www.makitamarket.com.tr\/site\/wp-json\/wp\/v2\/media\/22265"}],"wp:attachment":[{"href":"https:\/\/www.makitamarket.com.tr\/site\/wp-json\/wp\/v2\/media?parent=22266"}],"wp:term":[{"taxonomy":"product_brand","embeddable":true,"href":"https:\/\/www.makitamarket.com.tr\/site\/wp-json\/wp\/v2\/product_brand?post=22266"},{"taxonomy":"product_cat","embeddable":true,"href":"https:\/\/www.makitamarket.com.tr\/site\/wp-json\/wp\/v2\/product_cat?post=22266"},{"taxonomy":"product_tag","embeddable":true,"href":"https:\/\/www.makitamarket.com.tr\/site\/wp-json\/wp\/v2\/product_tag?post=22266"}],"curies":[{"name":"wp","href":"https:\/\/api.w.org\/{rel}","templated":true}]}}