{"id":22270,"date":"2024-11-28T20:40:30","date_gmt":"2024-11-28T17:40:30","guid":{"rendered":"https:\/\/www.makitamarket.com.tr\/site\/urun\/weller-wlg9400k23c-lehim-tabancasi-ve-aksesuar-seti\/"},"modified":"2026-03-30T11:23:24","modified_gmt":"2026-03-30T08:23:24","slug":"weller-wlg9400k23c-lehim-tabancasi-ve-aksesuar-seti","status":"publish","type":"product","link":"https:\/\/www.makitamarket.com.tr\/site\/urun\/weller-wlg9400k23c-lehim-tabancasi-ve-aksesuar-seti\/","title":{"rendered":"Weller 9400K23C WLG9400K23C LEH\u0130M TABANCASI VE AKSESUAR SET\u0130"},"content":{"rendered":"<p>\u2022 480\u00b0C kullan\u0131m s\u0131cakl\u0131\u011f\u0131<\/p>\n<p>\u2022 140 Watt,<\/p>\n<p>\u2022 230 Volt,<\/p>\n<p>\u2022 50 Hz<\/p>\n<p><\/p>\n<p><strong>Standart Ekipmanlar<\/strong><\/p>\n<p>Konik u\u00e7, kesme ucu, d\u00fcz u\u00e7, alt\u0131gen anahtar\u0131, lehim makaras\u0131<\/p>\n<table><\/table>\n","protected":false},"excerpt":{"rendered":"<p>\u2022 480\u00b0C kullan\u0131m s\u0131cakl\u0131\u011f\u0131<\/p>\n<p>\u2022 140 Watt,<\/p>\n<p>\u2022 230 Volt,<\/p>\n<p>\u2022 50 Hz<\/p>\n<p><\/p>\n<p><strong>Standart Ekipmanlar<\/strong><\/p>\n<p>Konik u\u00e7, kesme ucu, d\u00fcz u\u00e7, alt\u0131gen anahtar\u0131, lehim makaras\u0131<\/p>\n","protected":false},"featured_media":22269,"comment_status":"open","ping_status":"closed","template":"","meta":{"_acf_changed":false},"product_brand":[1530],"product_cat":[1565],"product_tag":[],"class_list":{"0":"post-22270","1":"product","2":"type-product","3":"status-publish","4":"has-post-thumbnail","6":"product_brand-weller","7":"product_cat-yok-yok","9":"first","10":"outofstock","11":"taxable","12":"shipping-taxable","13":"purchasable","14":"product-type-simple","15":"add-to-wishlist-after_add_to_cart"},"acf":[],"_links":{"self":[{"href":"https:\/\/www.makitamarket.com.tr\/site\/wp-json\/wp\/v2\/product\/22270","targetHints":{"allow":["GET"]}}],"collection":[{"href":"https:\/\/www.makitamarket.com.tr\/site\/wp-json\/wp\/v2\/product"}],"about":[{"href":"https:\/\/www.makitamarket.com.tr\/site\/wp-json\/wp\/v2\/types\/product"}],"replies":[{"embeddable":true,"href":"https:\/\/www.makitamarket.com.tr\/site\/wp-json\/wp\/v2\/comments?post=22270"}],"wp:featuredmedia":[{"embeddable":true,"href":"https:\/\/www.makitamarket.com.tr\/site\/wp-json\/wp\/v2\/media\/22269"}],"wp:attachment":[{"href":"https:\/\/www.makitamarket.com.tr\/site\/wp-json\/wp\/v2\/media?parent=22270"}],"wp:term":[{"taxonomy":"product_brand","embeddable":true,"href":"https:\/\/www.makitamarket.com.tr\/site\/wp-json\/wp\/v2\/product_brand?post=22270"},{"taxonomy":"product_cat","embeddable":true,"href":"https:\/\/www.makitamarket.com.tr\/site\/wp-json\/wp\/v2\/product_cat?post=22270"},{"taxonomy":"product_tag","embeddable":true,"href":"https:\/\/www.makitamarket.com.tr\/site\/wp-json\/wp\/v2\/product_tag?post=22270"}],"curies":[{"name":"wp","href":"https:\/\/api.w.org\/{rel}","templated":true}]}}