{"id":22274,"date":"2024-11-28T20:40:31","date_gmt":"2024-11-28T17:40:31","guid":{"rendered":"https:\/\/www.makitamarket.com.tr\/site\/urun\/weller-wlir3023c-ledli-kalem-havya-30w\/"},"modified":"2026-04-06T18:03:59","modified_gmt":"2026-04-06T15:03:59","slug":"weller-wlir3023c-ledli-kalem-havya-30w","status":"publish","type":"product","link":"https:\/\/www.makitamarket.com.tr\/site\/urun\/weller-wlir3023c-ledli-kalem-havya-30w\/","title":{"rendered":"Weller WLIR3023C WLIR3023C LED&#8217;L\u0130 KALEM HAVYA 30W"},"content":{"rendered":"<p>\u2022 Azami s\u0131cakl\u0131k 400 \u00b0C<\/p>\n<p>\u2022 G\u00fc\u00e7 T\u00fcketimi 30W<\/p>\n<p>\u2022 \u015eebeke gerilimi 230 V \/ 50Hz<\/p>\n<p>\u2022 U\u00e7 tipi model Serisi 4 mm (5\/16 \u201c)<\/p>\n<table><\/table>\n","protected":false},"excerpt":{"rendered":"<p>\u2022 Azami s\u0131cakl\u0131k 400 \u00b0C<\/p>\n<p>\u2022 G\u00fc\u00e7 T\u00fcketimi 30W<\/p>\n<p>\u2022 \u015eebeke gerilimi 230 V \/ 50Hz<\/p>\n<p>\u2022 U\u00e7 tipi model Serisi 4 mm (5\/16 \u201c)<\/p>\n","protected":false},"featured_media":22273,"comment_status":"open","ping_status":"closed","template":"","meta":{"_acf_changed":false},"product_brand":[1530],"product_cat":[1565],"product_tag":[],"class_list":{"0":"post-22274","1":"product","2":"type-product","3":"status-publish","4":"has-post-thumbnail","6":"product_brand-weller","7":"product_cat-yok-yok","9":"first","10":"instock","11":"taxable","12":"shipping-taxable","13":"purchasable","14":"product-type-simple","15":"add-to-wishlist-after_add_to_cart"},"acf":[],"_links":{"self":[{"href":"https:\/\/www.makitamarket.com.tr\/site\/wp-json\/wp\/v2\/product\/22274","targetHints":{"allow":["GET"]}}],"collection":[{"href":"https:\/\/www.makitamarket.com.tr\/site\/wp-json\/wp\/v2\/product"}],"about":[{"href":"https:\/\/www.makitamarket.com.tr\/site\/wp-json\/wp\/v2\/types\/product"}],"replies":[{"embeddable":true,"href":"https:\/\/www.makitamarket.com.tr\/site\/wp-json\/wp\/v2\/comments?post=22274"}],"wp:featuredmedia":[{"embeddable":true,"href":"https:\/\/www.makitamarket.com.tr\/site\/wp-json\/wp\/v2\/media\/22273"}],"wp:attachment":[{"href":"https:\/\/www.makitamarket.com.tr\/site\/wp-json\/wp\/v2\/media?parent=22274"}],"wp:term":[{"taxonomy":"product_brand","embeddable":true,"href":"https:\/\/www.makitamarket.com.tr\/site\/wp-json\/wp\/v2\/product_brand?post=22274"},{"taxonomy":"product_cat","embeddable":true,"href":"https:\/\/www.makitamarket.com.tr\/site\/wp-json\/wp\/v2\/product_cat?post=22274"},{"taxonomy":"product_tag","embeddable":true,"href":"https:\/\/www.makitamarket.com.tr\/site\/wp-json\/wp\/v2\/product_tag?post=22274"}],"curies":[{"name":"wp","href":"https:\/\/api.w.org\/{rel}","templated":true}]}}