{"id":22280,"date":"2024-11-28T20:40:33","date_gmt":"2024-11-28T17:40:33","guid":{"rendered":"https:\/\/www.makitamarket.com.tr\/site\/urun\/weller-wlirk3023c-ledli-kalem-havya-seti\/"},"modified":"2026-04-06T18:04:02","modified_gmt":"2026-04-06T15:04:02","slug":"weller-wlirk3023c-ledli-kalem-havya-seti","status":"publish","type":"product","link":"https:\/\/www.makitamarket.com.tr\/site\/urun\/weller-wlirk3023c-ledli-kalem-havya-seti\/","title":{"rendered":"Weller 3023CKIT WLIRK3023C LED&#8217;L\u0130 KALEM HAVYA SET\u0130"},"content":{"rendered":"<p>\u2022 400\u00b0C kullan\u0131m s\u0131cakl\u0131\u011f\u0131,<\/p>\n<p>\u2022 30 Watt<\/p>\n<p>\u2022 230 Volt,<\/p>\n<p>\u2022 50 Hz<\/p>\n<p>\u2022 293 gr<\/p>\n<p>\u2022 0.8 mm<\/p>\n<table><\/table>\n","protected":false},"excerpt":{"rendered":"<p>\u2022 400\u00b0C kullan\u0131m s\u0131cakl\u0131\u011f\u0131,<\/p>\n<p>\u2022 30 Watt<\/p>\n<p>\u2022 230 Volt,<\/p>\n<p>\u2022 50 Hz<\/p>\n<p>\u2022 293 gr<\/p>\n<p>\u2022 0.8 mm<\/p>\n","protected":false},"featured_media":22279,"comment_status":"open","ping_status":"closed","template":"","meta":{"_acf_changed":false},"product_brand":[1530],"product_cat":[1565],"product_tag":[],"class_list":{"0":"post-22280","1":"product","2":"type-product","3":"status-publish","4":"has-post-thumbnail","6":"product_brand-weller","7":"product_cat-yok-yok","9":"first","10":"outofstock","11":"taxable","12":"shipping-taxable","13":"purchasable","14":"product-type-simple","15":"add-to-wishlist-after_add_to_cart"},"acf":[],"_links":{"self":[{"href":"https:\/\/www.makitamarket.com.tr\/site\/wp-json\/wp\/v2\/product\/22280","targetHints":{"allow":["GET"]}}],"collection":[{"href":"https:\/\/www.makitamarket.com.tr\/site\/wp-json\/wp\/v2\/product"}],"about":[{"href":"https:\/\/www.makitamarket.com.tr\/site\/wp-json\/wp\/v2\/types\/product"}],"replies":[{"embeddable":true,"href":"https:\/\/www.makitamarket.com.tr\/site\/wp-json\/wp\/v2\/comments?post=22280"}],"wp:featuredmedia":[{"embeddable":true,"href":"https:\/\/www.makitamarket.com.tr\/site\/wp-json\/wp\/v2\/media\/22279"}],"wp:attachment":[{"href":"https:\/\/www.makitamarket.com.tr\/site\/wp-json\/wp\/v2\/media?parent=22280"}],"wp:term":[{"taxonomy":"product_brand","embeddable":true,"href":"https:\/\/www.makitamarket.com.tr\/site\/wp-json\/wp\/v2\/product_brand?post=22280"},{"taxonomy":"product_cat","embeddable":true,"href":"https:\/\/www.makitamarket.com.tr\/site\/wp-json\/wp\/v2\/product_cat?post=22280"},{"taxonomy":"product_tag","embeddable":true,"href":"https:\/\/www.makitamarket.com.tr\/site\/wp-json\/wp\/v2\/product_tag?post=22280"}],"curies":[{"name":"wp","href":"https:\/\/api.w.org\/{rel}","templated":true}]}}