{"id":22282,"date":"2024-11-28T20:40:34","date_gmt":"2024-11-28T17:40:34","guid":{"rendered":"https:\/\/www.makitamarket.com.tr\/site\/urun\/weller-wlirk6023c-ledli-kalem-havya-seti-60w\/"},"modified":"2026-03-30T11:23:27","modified_gmt":"2026-03-30T08:23:27","slug":"weller-wlirk6023c-ledli-kalem-havya-seti-60w","status":"publish","type":"product","link":"https:\/\/www.makitamarket.com.tr\/site\/urun\/weller-wlirk6023c-ledli-kalem-havya-seti-60w\/","title":{"rendered":"Weller 6023CKIT WLIRK6023C LED&#8217;L\u0130 KALEM HAVYA SET\u0130 60W"},"content":{"rendered":"<p>\u2022 425\u00b0C kullan\u0131m s\u0131cakl\u0131\u011f\u0131,<\/p>\n<p>\u2022 60 Watt<\/p>\n<p>\u2022 230 Volt,<\/p>\n<p>\u2022 50 Hz<\/p>\n<p>\u2022 330 gr<\/p>\n<p>\u2022 6.4 mm<\/p>\n<table><\/table>\n","protected":false},"excerpt":{"rendered":"<p>\u2022 425\u00b0C kullan\u0131m s\u0131cakl\u0131\u011f\u0131,<\/p>\n<p>\u2022 60 Watt<\/p>\n<p>\u2022 230 Volt,<\/p>\n<p>\u2022 50 Hz<\/p>\n<p>\u2022 330 gr<\/p>\n<p>\u2022 6.4 mm<\/p>\n","protected":false},"featured_media":22281,"comment_status":"open","ping_status":"closed","template":"","meta":{"_acf_changed":false},"product_brand":[1530],"product_cat":[1565],"product_tag":[],"class_list":{"0":"post-22282","1":"product","2":"type-product","3":"status-publish","4":"has-post-thumbnail","6":"product_brand-weller","7":"product_cat-yok-yok","9":"first","10":"instock","11":"taxable","12":"shipping-taxable","13":"purchasable","14":"product-type-simple","15":"add-to-wishlist-after_add_to_cart"},"acf":[],"_links":{"self":[{"href":"https:\/\/www.makitamarket.com.tr\/site\/wp-json\/wp\/v2\/product\/22282","targetHints":{"allow":["GET"]}}],"collection":[{"href":"https:\/\/www.makitamarket.com.tr\/site\/wp-json\/wp\/v2\/product"}],"about":[{"href":"https:\/\/www.makitamarket.com.tr\/site\/wp-json\/wp\/v2\/types\/product"}],"replies":[{"embeddable":true,"href":"https:\/\/www.makitamarket.com.tr\/site\/wp-json\/wp\/v2\/comments?post=22282"}],"wp:featuredmedia":[{"embeddable":true,"href":"https:\/\/www.makitamarket.com.tr\/site\/wp-json\/wp\/v2\/media\/22281"}],"wp:attachment":[{"href":"https:\/\/www.makitamarket.com.tr\/site\/wp-json\/wp\/v2\/media?parent=22282"}],"wp:term":[{"taxonomy":"product_brand","embeddable":true,"href":"https:\/\/www.makitamarket.com.tr\/site\/wp-json\/wp\/v2\/product_brand?post=22282"},{"taxonomy":"product_cat","embeddable":true,"href":"https:\/\/www.makitamarket.com.tr\/site\/wp-json\/wp\/v2\/product_cat?post=22282"},{"taxonomy":"product_tag","embeddable":true,"href":"https:\/\/www.makitamarket.com.tr\/site\/wp-json\/wp\/v2\/product_tag?post=22282"}],"curies":[{"name":"wp","href":"https:\/\/api.w.org\/{rel}","templated":true}]}}