{"id":22302,"date":"2024-11-28T20:40:39","date_gmt":"2024-11-28T17:40:39","guid":{"rendered":"https:\/\/www.makitamarket.com.tr\/site\/urun\/eurostar-eurostar-41-1800-40rt-kombine-pense-180mm\/"},"modified":"2026-04-06T18:19:44","modified_gmt":"2026-04-06T15:19:44","slug":"eurostar-eurostar-41-1800-40rt-kombine-pense-180mm","status":"publish","type":"product","link":"https:\/\/www.makitamarket.com.tr\/site\/urun\/eurostar-eurostar-41-1800-40rt-kombine-pense-180mm\/","title":{"rendered":"Eurostar ES41180040RT EUROSTAR 41-1800\/40RT KOMB\u0130NE PENSE 180MM"},"content":{"rendered":"<p><strong>A\u011f\u0131rl\u0131k:<\/strong> 260 gr<\/p>\n<table>\n<tr>\n<td>Uzunluk<\/td>\n<td>180<\/td>\n<\/tr>\n<tr>\n<td>Kafa<\/td>\n<td>Polisaj<\/td>\n<\/tr>\n<tr>\n<td>Sap<\/td>\n<td>Kal\u0131n \u0130zole<\/td>\n<\/tr>\n<tr>\n<td>Kesme Kapasitesi<\/td>\n<td>3.4\u00f8mm &#8211; 2.2\u00f8mm &#8211; 12.0\u00f8mm &#8211; 16\u00f8mm<\/td>\n<\/tr>\n<tr>\n<td>Paket \u0130\u00e7i Adedi<\/td>\n<td>6<\/td>\n<\/tr>\n<\/table>\n","protected":false},"excerpt":{"rendered":"<p><strong>A\u011f\u0131rl\u0131k:<\/strong> 260 gr<\/p>\n","protected":false},"featured_media":22301,"comment_status":"open","ping_status":"closed","template":"","meta":{"_acf_changed":false},"product_brand":[1562],"product_cat":[1565],"product_tag":[],"class_list":{"0":"post-22302","1":"product","2":"type-product","3":"status-publish","4":"has-post-thumbnail","6":"product_brand-eurostar","7":"product_cat-yok-yok","9":"first","10":"outofstock","11":"taxable","12":"shipping-taxable","13":"purchasable","14":"product-type-simple","15":"add-to-wishlist-after_add_to_cart"},"acf":[],"_links":{"self":[{"href":"https:\/\/www.makitamarket.com.tr\/site\/wp-json\/wp\/v2\/product\/22302","targetHints":{"allow":["GET"]}}],"collection":[{"href":"https:\/\/www.makitamarket.com.tr\/site\/wp-json\/wp\/v2\/product"}],"about":[{"href":"https:\/\/www.makitamarket.com.tr\/site\/wp-json\/wp\/v2\/types\/product"}],"replies":[{"embeddable":true,"href":"https:\/\/www.makitamarket.com.tr\/site\/wp-json\/wp\/v2\/comments?post=22302"}],"wp:featuredmedia":[{"embeddable":true,"href":"https:\/\/www.makitamarket.com.tr\/site\/wp-json\/wp\/v2\/media\/22301"}],"wp:attachment":[{"href":"https:\/\/www.makitamarket.com.tr\/site\/wp-json\/wp\/v2\/media?parent=22302"}],"wp:term":[{"taxonomy":"product_brand","embeddable":true,"href":"https:\/\/www.makitamarket.com.tr\/site\/wp-json\/wp\/v2\/product_brand?post=22302"},{"taxonomy":"product_cat","embeddable":true,"href":"https:\/\/www.makitamarket.com.tr\/site\/wp-json\/wp\/v2\/product_cat?post=22302"},{"taxonomy":"product_tag","embeddable":true,"href":"https:\/\/www.makitamarket.com.tr\/site\/wp-json\/wp\/v2\/product_tag?post=22302"}],"curies":[{"name":"wp","href":"https:\/\/api.w.org\/{rel}","templated":true}]}}