{"id":22304,"date":"2024-11-28T20:40:40","date_gmt":"2024-11-28T17:40:40","guid":{"rendered":"https:\/\/www.makitamarket.com.tr\/site\/urun\/eurostar-eurostar-77-2550-2022-fort-pense-250mm\/"},"modified":"2026-04-21T05:13:07","modified_gmt":"2026-04-21T02:13:07","slug":"eurostar-eurostar-77-2550-2022-fort-pense-250mm","status":"publish","type":"product","link":"https:\/\/www.makitamarket.com.tr\/site\/urun\/eurostar-eurostar-77-2550-2022-fort-pense-250mm\/","title":{"rendered":"Eurostar ES7725502021 EUROSTAR 77-2550\/2022 FORT PENSE 250MM"},"content":{"rendered":"<p><strong>A\u011f\u0131rl\u0131k:<\/strong> 319 gr<\/p>\n<table>\n<tr>\n<td>Uzunluk (mm)<\/td>\n<td>250<\/td>\n<\/tr>\n<tr>\n<td>Kafa<\/td>\n<td>Polisaj<\/td>\n<\/tr>\n<tr>\n<td>Sap<\/td>\n<td>\u0130nce \u0130zole<\/td>\n<\/tr>\n<tr>\n<td>Boru \u00d6l\u00e7\u00fcs\u00fc<\/td>\n<td>2&#8243;<\/td>\n<\/tr>\n<tr>\n<td>Somun \u00d6l\u00e7\u00fcs\u00fc<\/td>\n<td>46mm<\/td>\n<\/tr>\n<tr>\n<td>Paket \u0130\u00e7i Adedi<\/td>\n<td>6<\/td>\n<\/tr>\n<\/table>\n","protected":false},"excerpt":{"rendered":"<p><strong>A\u011f\u0131rl\u0131k:<\/strong> 319 gr<\/p>\n","protected":false},"featured_media":22303,"comment_status":"open","ping_status":"closed","template":"","meta":{"_acf_changed":false},"product_brand":[1562],"product_cat":[1565],"product_tag":[],"class_list":{"0":"post-22304","1":"product","2":"type-product","3":"status-publish","4":"has-post-thumbnail","6":"product_brand-eurostar","7":"product_cat-yok-yok","9":"first","10":"instock","11":"taxable","12":"shipping-taxable","13":"purchasable","14":"product-type-simple","15":"add-to-wishlist-after_add_to_cart"},"acf":[],"_links":{"self":[{"href":"https:\/\/www.makitamarket.com.tr\/site\/wp-json\/wp\/v2\/product\/22304","targetHints":{"allow":["GET"]}}],"collection":[{"href":"https:\/\/www.makitamarket.com.tr\/site\/wp-json\/wp\/v2\/product"}],"about":[{"href":"https:\/\/www.makitamarket.com.tr\/site\/wp-json\/wp\/v2\/types\/product"}],"replies":[{"embeddable":true,"href":"https:\/\/www.makitamarket.com.tr\/site\/wp-json\/wp\/v2\/comments?post=22304"}],"wp:featuredmedia":[{"embeddable":true,"href":"https:\/\/www.makitamarket.com.tr\/site\/wp-json\/wp\/v2\/media\/22303"}],"wp:attachment":[{"href":"https:\/\/www.makitamarket.com.tr\/site\/wp-json\/wp\/v2\/media?parent=22304"}],"wp:term":[{"taxonomy":"product_brand","embeddable":true,"href":"https:\/\/www.makitamarket.com.tr\/site\/wp-json\/wp\/v2\/product_brand?post=22304"},{"taxonomy":"product_cat","embeddable":true,"href":"https:\/\/www.makitamarket.com.tr\/site\/wp-json\/wp\/v2\/product_cat?post=22304"},{"taxonomy":"product_tag","embeddable":true,"href":"https:\/\/www.makitamarket.com.tr\/site\/wp-json\/wp\/v2\/product_tag?post=22304"}],"curies":[{"name":"wp","href":"https:\/\/api.w.org\/{rel}","templated":true}]}}