{"id":22316,"date":"2024-11-28T20:40:43","date_gmt":"2024-11-28T17:40:43","guid":{"rendered":"https:\/\/www.makitamarket.com.tr\/site\/urun\/full-avadanlik-no6\/"},"modified":"2026-01-23T19:05:38","modified_gmt":"2026-01-23T16:05:38","slug":"full-avadanlik-no6","status":"publish","type":"product","link":"https:\/\/www.makitamarket.com.tr\/site\/urun\/full-avadanlik-no6\/","title":{"rendered":"Full FULLAVG06 AVADANLIK NO6"},"content":{"rendered":"<table>\n<tr>\n<td>\u00d6l\u00e7\u00fcs\u00fc<\/td>\n<td>(31,0 x 49,0 x 19,0h cm.)<\/td>\n<\/tr>\n<tr>\n<td>Koli \u0130\u00e7i Adedi<\/td>\n<td>12<\/td>\n<\/tr>\n<\/table>\n","protected":false},"excerpt":{"rendered":"<p>\u00d6l\u00e7\u00fcs\u00fc (31,0 x 49,0 x 19,0h cm.) Koli \u0130\u00e7i Adedi 12<\/p>\n","protected":false},"featured_media":22315,"comment_status":"open","ping_status":"closed","template":"","meta":{"_acf_changed":false},"product_brand":[1502],"product_cat":[823],"product_tag":[],"class_list":{"0":"post-22316","1":"product","2":"type-product","3":"status-publish","4":"has-post-thumbnail","6":"product_brand-full","7":"product_cat-avadanliklar","9":"first","10":"outofstock","11":"taxable","12":"shipping-taxable","13":"purchasable","14":"product-type-simple","15":"add-to-wishlist-after_add_to_cart"},"acf":[],"_links":{"self":[{"href":"https:\/\/www.makitamarket.com.tr\/site\/wp-json\/wp\/v2\/product\/22316","targetHints":{"allow":["GET"]}}],"collection":[{"href":"https:\/\/www.makitamarket.com.tr\/site\/wp-json\/wp\/v2\/product"}],"about":[{"href":"https:\/\/www.makitamarket.com.tr\/site\/wp-json\/wp\/v2\/types\/product"}],"replies":[{"embeddable":true,"href":"https:\/\/www.makitamarket.com.tr\/site\/wp-json\/wp\/v2\/comments?post=22316"}],"wp:featuredmedia":[{"embeddable":true,"href":"https:\/\/www.makitamarket.com.tr\/site\/wp-json\/wp\/v2\/media\/22315"}],"wp:attachment":[{"href":"https:\/\/www.makitamarket.com.tr\/site\/wp-json\/wp\/v2\/media?parent=22316"}],"wp:term":[{"taxonomy":"product_brand","embeddable":true,"href":"https:\/\/www.makitamarket.com.tr\/site\/wp-json\/wp\/v2\/product_brand?post=22316"},{"taxonomy":"product_cat","embeddable":true,"href":"https:\/\/www.makitamarket.com.tr\/site\/wp-json\/wp\/v2\/product_cat?post=22316"},{"taxonomy":"product_tag","embeddable":true,"href":"https:\/\/www.makitamarket.com.tr\/site\/wp-json\/wp\/v2\/product_tag?post=22316"}],"curies":[{"name":"wp","href":"https:\/\/api.w.org\/{rel}","templated":true}]}}