{"id":22324,"date":"2024-11-28T20:40:58","date_gmt":"2024-11-28T17:40:58","guid":{"rendered":"https:\/\/www.makitamarket.com.tr\/site\/urun\/full-aluminyum-sapli-plastik-kilitli-takim-cantasi-22\/"},"modified":"2025-11-16T12:05:21","modified_gmt":"2025-11-16T09:05:21","slug":"full-aluminyum-sapli-plastik-kilitli-takim-cantasi-22","status":"publish","type":"product","link":"https:\/\/www.makitamarket.com.tr\/site\/urun\/full-aluminyum-sapli-plastik-kilitli-takim-cantasi-22\/","title":{"rendered":"Full FULLEKOAS22 AL\u00dcM\u0130NYUM SAPLI-PLAST\u0130K K\u0130L\u0130TL\u0130 TAKIM \u00c7ANTASI 22&#8243;"},"content":{"rendered":"<table>\n<tr>\n<td>\u00d6l\u00e7\u00fcs\u00fc<\/td>\n<td>22\u201d (56,0 x 30,0 x 27,7h cm.)<\/td>\n<\/tr>\n<tr>\n<td>Koli \u0130\u00e7i Adedi<\/td>\n<td>6<\/td>\n<\/tr>\n<\/table>\n","protected":false},"excerpt":{"rendered":"<p>\u00d6l\u00e7\u00fcs\u00fc 22\u201d (56,0 x 30,0 x 27,7h cm.) Koli \u0130\u00e7i Adedi 6<\/p>\n","protected":false},"featured_media":22323,"comment_status":"open","ping_status":"closed","template":"","meta":{"_acf_changed":false},"product_brand":[1502],"product_cat":[1565],"product_tag":[],"class_list":{"0":"post-22324","1":"product","2":"type-product","3":"status-publish","4":"has-post-thumbnail","6":"product_brand-full","7":"product_cat-yok-yok","9":"first","10":"outofstock","11":"taxable","12":"shipping-taxable","13":"purchasable","14":"product-type-simple","15":"add-to-wishlist-after_add_to_cart"},"acf":[],"_links":{"self":[{"href":"https:\/\/www.makitamarket.com.tr\/site\/wp-json\/wp\/v2\/product\/22324","targetHints":{"allow":["GET"]}}],"collection":[{"href":"https:\/\/www.makitamarket.com.tr\/site\/wp-json\/wp\/v2\/product"}],"about":[{"href":"https:\/\/www.makitamarket.com.tr\/site\/wp-json\/wp\/v2\/types\/product"}],"replies":[{"embeddable":true,"href":"https:\/\/www.makitamarket.com.tr\/site\/wp-json\/wp\/v2\/comments?post=22324"}],"wp:featuredmedia":[{"embeddable":true,"href":"https:\/\/www.makitamarket.com.tr\/site\/wp-json\/wp\/v2\/media\/22323"}],"wp:attachment":[{"href":"https:\/\/www.makitamarket.com.tr\/site\/wp-json\/wp\/v2\/media?parent=22324"}],"wp:term":[{"taxonomy":"product_brand","embeddable":true,"href":"https:\/\/www.makitamarket.com.tr\/site\/wp-json\/wp\/v2\/product_brand?post=22324"},{"taxonomy":"product_cat","embeddable":true,"href":"https:\/\/www.makitamarket.com.tr\/site\/wp-json\/wp\/v2\/product_cat?post=22324"},{"taxonomy":"product_tag","embeddable":true,"href":"https:\/\/www.makitamarket.com.tr\/site\/wp-json\/wp\/v2\/product_tag?post=22324"}],"curies":[{"name":"wp","href":"https:\/\/api.w.org\/{rel}","templated":true}]}}