{"id":22331,"date":"2024-11-28T20:41:05","date_gmt":"2024-11-28T17:41:05","guid":{"rendered":"https:\/\/www.makitamarket.com.tr\/site\/urun\/full-plastik-kilitli-takim-cantasi-13\/"},"modified":"2026-01-23T19:05:40","modified_gmt":"2026-01-23T16:05:40","slug":"full-plastik-kilitli-takim-cantasi-13","status":"publish","type":"product","link":"https:\/\/www.makitamarket.com.tr\/site\/urun\/full-plastik-kilitli-takim-cantasi-13\/","title":{"rendered":"Full FULLEKOPK13 PLAST\u0130K K\u0130L\u0130TL\u0130 TAKIM \u00c7ANTASI 13&#8243;"},"content":{"rendered":"<ul>\n<li>Plastik Kilitli<\/li>\n<li>Kapakta ve \u0130\u00e7te Organizerli<\/li>\n<\/ul>\n<table>\n<tr>\n<td>\u00d6l\u00e7\u00fcs\u00fc<\/td>\n<td>13\u201d (33,0 x 17,2 x 14,2h cm.)<\/td>\n<\/tr>\n<tr>\n<td>Koli \u0130\u00e7i Adedi<\/td>\n<td>14<\/td>\n<\/tr>\n<\/table>\n","protected":false},"excerpt":{"rendered":"<ul>\n<li>Plastik Kilitli<\/li>\n<li>Kapakta ve \u0130\u00e7te Organizerli<\/li>\n<\/ul>\n","protected":false},"featured_media":22330,"comment_status":"open","ping_status":"closed","template":"","meta":{"_acf_changed":false},"product_brand":[1502],"product_cat":[734],"product_tag":[],"class_list":{"0":"post-22331","1":"product","2":"type-product","3":"status-publish","4":"has-post-thumbnail","6":"product_brand-full","7":"product_cat-plastik-takim-cantalari","9":"first","10":"outofstock","11":"taxable","12":"shipping-taxable","13":"purchasable","14":"product-type-simple","15":"add-to-wishlist-after_add_to_cart"},"acf":[],"_links":{"self":[{"href":"https:\/\/www.makitamarket.com.tr\/site\/wp-json\/wp\/v2\/product\/22331","targetHints":{"allow":["GET"]}}],"collection":[{"href":"https:\/\/www.makitamarket.com.tr\/site\/wp-json\/wp\/v2\/product"}],"about":[{"href":"https:\/\/www.makitamarket.com.tr\/site\/wp-json\/wp\/v2\/types\/product"}],"replies":[{"embeddable":true,"href":"https:\/\/www.makitamarket.com.tr\/site\/wp-json\/wp\/v2\/comments?post=22331"}],"wp:featuredmedia":[{"embeddable":true,"href":"https:\/\/www.makitamarket.com.tr\/site\/wp-json\/wp\/v2\/media\/22330"}],"wp:attachment":[{"href":"https:\/\/www.makitamarket.com.tr\/site\/wp-json\/wp\/v2\/media?parent=22331"}],"wp:term":[{"taxonomy":"product_brand","embeddable":true,"href":"https:\/\/www.makitamarket.com.tr\/site\/wp-json\/wp\/v2\/product_brand?post=22331"},{"taxonomy":"product_cat","embeddable":true,"href":"https:\/\/www.makitamarket.com.tr\/site\/wp-json\/wp\/v2\/product_cat?post=22331"},{"taxonomy":"product_tag","embeddable":true,"href":"https:\/\/www.makitamarket.com.tr\/site\/wp-json\/wp\/v2\/product_tag?post=22331"}],"curies":[{"name":"wp","href":"https:\/\/api.w.org\/{rel}","templated":true}]}}